{"id":1047,"date":"2021-06-04T07:24:22","date_gmt":"2021-06-04T05:24:22","guid":{"rendered":"https:\/\/www.zoo-bordeaux-pessac.com\/public\/?page_id=1047"},"modified":"2023-07-21T10:04:49","modified_gmt":"2023-07-21T08:04:49","slug":"reglement-interieur","status":"publish","type":"page","link":"https:\/\/www.zoo-bordeaux-pessac.com\/public\/reglement-interieur\/","title":{"rendered":"R\u00e8glement int\u00e9rieur"},"content":{"rendered":"<p>[et_pb_section fb_built=\u00a0\u00bb1&Prime; _builder_version=\u00a0\u00bb4.16&Prime; _module_preset=\u00a0\u00bbdefault\u00a0\u00bb da_disable_devices=\u00a0\u00bboff|off|off\u00a0\u00bb border_width_bottom=\u00a0\u00bb2px\u00a0\u00bb global_colors_info=\u00a0\u00bb{}\u00a0\u00bb da_is_popup=\u00a0\u00bboff\u00a0\u00bb da_exit_intent=\u00a0\u00bboff\u00a0\u00bb da_has_close=\u00a0\u00bbon\u00a0\u00bb da_alt_close=\u00a0\u00bboff\u00a0\u00bb da_dark_close=\u00a0\u00bboff\u00a0\u00bb da_not_modal=\u00a0\u00bbon\u00a0\u00bb da_is_singular=\u00a0\u00bboff\u00a0\u00bb da_with_loader=\u00a0\u00bboff\u00a0\u00bb da_has_shadow=\u00a0\u00bbon\u00a0\u00bb][et_pb_row _builder_version=\u00a0\u00bb4.16&Prime; _module_preset=\u00a0\u00bbdefault\u00a0\u00bb global_colors_info=\u00a0\u00bb{}\u00a0\u00bb][et_pb_column type=\u00a0\u00bb4_4&Prime; _builder_version=\u00a0\u00bb4.16&Prime; _module_preset=\u00a0\u00bbdefault\u00a0\u00bb global_colors_info=\u00a0\u00bb{}\u00a0\u00bb][et_pb_text _builder_version=\u00a0\u00bb4.16&Prime; _module_preset=\u00a0\u00bbdefault\u00a0\u00bb header_font=\u00a0\u00bbRecoleta Bold||||||||\u00a0\u00bb header_text_align=\u00a0\u00bbcenter\u00a0\u00bb header_font_size=\u00a0\u00bb60px\u00a0\u00bb global_colors_info=\u00a0\u00bb{}\u00a0\u00bb]<\/p>\n<h1>R\u00e8glement int\u00e9rieur<\/h1>\n<p>[\/et_pb_text][\/et_pb_column][\/et_pb_row][\/et_pb_section][et_pb_section fb_built=\u00a0\u00bb1&Prime; _builder_version=\u00a0\u00bb4.16&Prime; _module_preset=\u00a0\u00bbdefault\u00a0\u00bb da_disable_devices=\u00a0\u00bboff|off|off\u00a0\u00bb global_colors_info=\u00a0\u00bb{}\u00a0\u00bb da_is_popup=\u00a0\u00bboff\u00a0\u00bb da_exit_intent=\u00a0\u00bboff\u00a0\u00bb da_has_close=\u00a0\u00bbon\u00a0\u00bb da_alt_close=\u00a0\u00bboff\u00a0\u00bb da_dark_close=\u00a0\u00bboff\u00a0\u00bb da_not_modal=\u00a0\u00bbon\u00a0\u00bb da_is_singular=\u00a0\u00bboff\u00a0\u00bb da_with_loader=\u00a0\u00bboff\u00a0\u00bb da_has_shadow=\u00a0\u00bbon\u00a0\u00bb][et_pb_row _builder_version=\u00a0\u00bb4.16&Prime; _module_preset=\u00a0\u00bbdefault\u00a0\u00bb global_colors_info=\u00a0\u00bb{}\u00a0\u00bb][et_pb_column type=\u00a0\u00bb4_4&Prime; _builder_version=\u00a0\u00bb4.16&Prime; _module_preset=\u00a0\u00bbdefault\u00a0\u00bb global_colors_info=\u00a0\u00bb{}\u00a0\u00bb][et_pb_text _builder_version=\u00a0\u00bb4.21.0&Prime; _module_preset=\u00a0\u00bbdefault\u00a0\u00bb text_font=\u00a0\u00bbProxima Nova Regular||||||||\u00a0\u00bb header_4_font=\u00a0\u00bbProxima Nova Regular||||||||\u00a0\u00bb header_4_text_color=\u00a0\u00bb#000000&Prime; hover_enabled=\u00a0\u00bb0&Prime; global_colors_info=\u00a0\u00bb{}\u00a0\u00bb sticky_enabled=\u00a0\u00bb0&Prime;]<\/p>\n<h2><\/h2>\n<h4 style=\"text-align: justify;\">PR\u00c9AMBULE<\/h4>\n<p style=\"text-align: justify;\">Le pr\u00e9sent r\u00e8glement s&rsquo;applique \u00e0 tout visiteur du Zoo de Bordeaux Pessac .\u00a0Les personnes ou groupes ne respectant pas le r\u00e8glement int\u00e9rieur seront invit\u00e9s \u00e0 quitter le parc imm\u00e9diatement sans quelconque d\u00e9dommagement.<\/p>\n<h4 style=\"text-align: justify;\">OUVERTURE DU PARC ET VISITE<\/h4>\n<p style=\"text-align: justify;\">Le Zoo de Bordeaux Pessac est ouvert tous les jours, toute l&rsquo;ann\u00e9e (except\u00e9 le 25\/12 et le 01\/01). Pour les horaires et les tarifs rendez-vous sur la page internet horaires et tarifs. Selon la m\u00e9t\u00e9o (forts intemp\u00e9ries, neige, gel&#8230;) les horaires peuvent \u00eatre modifi\u00e9s (fermeture plus t\u00f4t&#8230;). En cas de n\u00e9cessit\u00e9 technique ou de s\u00e9curit\u00e9, l&rsquo;acc\u00e8s \u00e0 certaines parties du parc peuvent \u00eatre interdites. Le parc peut fermer sans pr\u00e9avis pour ces m\u00eames raisons. Le public n&rsquo;est pas autoris\u00e9 \u00e0 avoir acc\u00e8s acc\u00e8s aux locaux de service et aux zones en travaux. Les enfants de moins de 18 ans ne pourront acc\u00e9der au parc sans \u00eatre accompagn\u00e9s d&rsquo;un repr\u00e9sentant l\u00e9gal. Les animaux domestiques ne sont pas admis dans le parc sauf les chiens guides d&rsquo;aveugle. Toute sortie du parc sans le ticket d&rsquo;entr\u00e9e est d\u00e9finitive : gardez le ticket pour acc\u00e9der \u00e0 votre voiture et revenir. Merci \u00e9galement de demander un tampon \u00e0 l\u2019accueil d\u00e8s la sortie du parc !<\/p>\n<h4 style=\"text-align: justify;\">RESPECT D&rsquo;AUTRUI<\/h4>\n<p style=\"text-align: justify;\">Les visiteurs doivent porter une tenue correcte (ne pas marcher pied nu&#8230;) et adopter comportement d\u00e9cent (ne pas crier, rester calme&#8230;). Il est interdit de fumer dans les b\u00e2timents du parc (boutique, pergola\u2026) ainsi que dans l\u2019enceinte du parc. Il est interdit de cueillir ou de d\u00e9t\u00e9riorer les v\u00e9g\u00e9taux du parc, des personnes s&rsquo;occupent de la v\u00e9g\u00e9tation afin de vous offrir un cadre id\u00e9al. Afin de maintenir le lieu propre, ne pas jeter vos d\u00e9chets par terre ou dans les enclos. La direction se r\u00e9serve le droit de refuser l\u2019entr\u00e9e \u00e0 toute personne ou groupe ne respectant pas ces consignes ou d&rsquo;en exclure imm\u00e9diatement les personnes concern\u00e9es.<\/p>\n<h4 style=\"text-align: justify;\">POUR LES GROUPES<\/h4>\n<p style=\"text-align: justify;\">Les groupes visitent le parc sous l\u2019enti\u00e8re responsabilit\u00e9 de leurs accompagnateurs, qui doivent en assurer la surveillance et la s\u00e9curit\u00e9. Aucun groupe d&rsquo;enfants ou d&rsquo;adolescents n&rsquo;est autoris\u00e9 \u00e0 se promener seul. En cas de d\u00e9bordements ou de non-respect du pr\u00e9sent r\u00e8glement, la direction se r\u00e9serve le droit d&rsquo;en exclure imm\u00e9diatement les personnes concern\u00e9es.<\/p>\n<h4 style=\"text-align: justify;\">RESPECT DES ANIMAUX<\/h4>\n<p style=\"text-align: justify;\">Il est demand\u00e9 aux visiteurs d\u2019adopter un comportement compatible avec le bien-\u00eatre des animaux. Il est formellement interdit de nourrir les animaux.Il est interdit de jeter des objets aux animaux. Il est interdit d\u2019effrayer les animaux en frappant sur les vitres, en faisant du bruit. Il est interdit de les d\u00e9ranger, de les exciter, et de les tourmenter.<\/p>\n<h4 style=\"text-align: justify;\">CONSIGNES DE S\u00c9CURIT\u00c9<\/h4>\n<p style=\"text-align: justify;\">Les animaux sauvages repr\u00e9sentent un danger (morsures, griffures&#8230;), notamment \u00e0 toute personne qui tenterait de les toucher ou de p\u00e9n\u00e9trer dans son espace vital et peuvent \u00e9ventuellement repr\u00e9senter un danger de mort.\u00a0 Il est imp\u00e9ratif de respecter les r\u00e8gles de s\u00e9curit\u00e9 :Il est interdit de courir, de sortir des all\u00e9es de visite, de franchir les barri\u00e8res de s\u00e9curit\u00e9, de p\u00e9n\u00e9trer dans les locaux r\u00e9serv\u00e9s au service, de p\u00e9n\u00e9trer dans les enclos, de se pencher ou d&rsquo;asseoir les enfants sur les garde-corps, de traverser les espaces verts pour acc\u00e9der aux grillages des enclos, de grimper aux arbres, d&rsquo;escalader les cl\u00f4tures&#8230; La destruction, le vol, la mutilation ou la d\u00e9gradation intentionnelle des constructions, plantations, et autres objets constituent un d\u00e9lit.Durant toute la visite, les enfants sont sous l\u2019enti\u00e8re responsabilit\u00e9 des adultes accompagnants. Il est interdit d\u2019introduire des armes, objets et produits dangereux dans l\u2019enceinte de l&rsquo;Espace Zoologique. Certains jouets, par exemple ceux en forme d\u2019armes, les b\u00e2tons, les ballons, les trottinettes, les v\u00e9los, et les rollers sont interdits. Il est interdit d\u2019utiliser des instruments sonores, quels qu\u2019ils soient.<\/p>\n<h4 style=\"text-align: justify;\">PRISE DE VUE COMMERCIALE<\/h4>\n<p style=\"text-align: justify;\">Toute prise de vue photographique et\/ou vid\u00e9o faisant l\u2019objet d\u2019une exploitation commerciale doit recevoir l\u2019autorisation expresse et pr\u00e9alable de la Direction du Zoo de Bordeaux Pessac.<\/p>\n<h4 style=\"text-align: justify;\">PERTE DE BIENS OU VOL<\/h4>\n<p style=\"text-align: justify;\">Le Zoo de Bordeaux Pessac d\u00e9cline toute responsabilit\u00e9 en cas de perte ou de vol de biens.Les objets ramen\u00e9s par les visiteurs ou trouv\u00e9s par le personnel sont conserv\u00e9s un mois.Tout bien qui tomberait dans un enclos doit imm\u00e9diatement faire l&rsquo;objet d&rsquo;un avertissement aupr\u00e8s du personnel. Il peut \u00eatre retir\u00e9 ou d\u00e9truit si cela pr\u00e9sente un risque pour le parc ou l&rsquo;animal. Le personnel ne peut retirer le bien qu&rsquo;\u00e0 la rentr\u00e9e des animaux en fin de journ\u00e9e.<\/p>\n<p>[\/et_pb_text][\/et_pb_column][\/et_pb_row][\/et_pb_section]<\/p>\n","protected":false},"excerpt":{"rendered":"<p>R\u00e8glement int\u00e9rieur PR\u00c9AMBULE Le pr\u00e9sent r\u00e8glement s&rsquo;applique \u00e0 tout visiteur du Zoo de Bordeaux Pessac .\u00a0Les personnes ou groupes ne respectant pas le r\u00e8glement int\u00e9rieur seront invit\u00e9s \u00e0 quitter le parc imm\u00e9diatement sans quelconque d\u00e9dommagement. OUVERTURE DU PARC ET VISITE Le Zoo de Bordeaux Pessac est ouvert tous les jours, toute l&rsquo;ann\u00e9e (except\u00e9 le 25\/12 et le 01\/01). Pour les horaires et les tarifs rendez-vous sur la page internet horaires et tarifs. Selon la m\u00e9t\u00e9o (forts intemp\u00e9ries, neige, gel&#8230;) les horaires peuvent \u00eatre modifi\u00e9s (fermeture plus t\u00f4t&#8230;). En cas de n\u00e9cessit\u00e9 technique ou de s\u00e9curit\u00e9, l&rsquo;acc\u00e8s \u00e0 certaines parties du parc peuvent \u00eatre interdites. Le parc peut fermer sans pr\u00e9avis pour ces m\u00eames raisons. Le public n&rsquo;est pas autoris\u00e9 \u00e0 avoir acc\u00e8s acc\u00e8s aux locaux de service et aux zones en travaux. Les enfants de moins de 18 ans ne pourront acc\u00e9der au parc sans \u00eatre accompagn\u00e9s d&rsquo;un repr\u00e9sentant l\u00e9gal. Les animaux domestiques ne sont pas admis dans le parc sauf les chiens guides d&rsquo;aveugle. Toute sortie du parc sans le ticket d&rsquo;entr\u00e9e est d\u00e9finitive : gardez le ticket pour acc\u00e9der \u00e0 votre voiture et revenir. Merci \u00e9galement de demander un tampon \u00e0 l\u2019accueil d\u00e8s la sortie du parc ! [&hellip;]<\/p>\n","protected":false},"author":2,"featured_media":0,"parent":0,"menu_order":0,"comment_status":"closed","ping_status":"closed","template":"","meta":{"_et_pb_use_builder":"on","_et_pb_old_content":"","_et_gb_content_width":"","content-type":"","footnotes":""},"class_list":["post-1047","page","type-page","status-publish","hentry"],"_links":{"self":[{"href":"https:\/\/www.zoo-bordeaux-pessac.com\/public\/wp-json\/wp\/v2\/pages\/1047","targetHints":{"allow":["GET"]}}],"collection":[{"href":"https:\/\/www.zoo-bordeaux-pessac.com\/public\/wp-json\/wp\/v2\/pages"}],"about":[{"href":"https:\/\/www.zoo-bordeaux-pessac.com\/public\/wp-json\/wp\/v2\/types\/page"}],"author":[{"embeddable":true,"href":"https:\/\/www.zoo-bordeaux-pessac.com\/public\/wp-json\/wp\/v2\/users\/2"}],"replies":[{"embeddable":true,"href":"https:\/\/www.zoo-bordeaux-pessac.com\/public\/wp-json\/wp\/v2\/comments?post=1047"}],"version-history":[{"count":6,"href":"https:\/\/www.zoo-bordeaux-pessac.com\/public\/wp-json\/wp\/v2\/pages\/1047\/revisions"}],"predecessor-version":[{"id":2709,"href":"https:\/\/www.zoo-bordeaux-pessac.com\/public\/wp-json\/wp\/v2\/pages\/1047\/revisions\/2709"}],"wp:attachment":[{"href":"https:\/\/www.zoo-bordeaux-pessac.com\/public\/wp-json\/wp\/v2\/media?parent=1047"}],"curies":[{"name":"wp","href":"https:\/\/api.w.org\/{rel}","templated":true}]}}