{"id":2022,"date":"2022-12-08T16:36:09","date_gmt":"2022-12-08T15:36:09","guid":{"rendered":"https:\/\/www.zoo-bordeaux-pessac.com\/public\/?page_id=2022"},"modified":"2025-11-02T11:11:21","modified_gmt":"2025-11-02T10:11:21","slug":"panda-roux","status":"publish","type":"page","link":"https:\/\/www.zoo-bordeaux-pessac.com\/public\/panda-roux\/","title":{"rendered":"Panda roux"},"content":{"rendered":"<p>[et_pb_section fb_built=\u00a0\u00bb1&Prime; admin_label=\u00a0\u00bbSection\u00a0\u00bb _builder_version=\u00a0\u00bb4.16&Prime; _module_preset=\u00a0\u00bbdefault\u00a0\u00bb background_color=\u00a0\u00bb#f0a136&Prime; background_image=\u00a0\u00bbhttps:\/\/www.zoo-bordeaux-pessac.com\/public\/wp-content\/uploads\/2021\/05\/feuillagePalmier-2.svg\u00a0\u00bb background_size=\u00a0\u00bbinitial\u00a0\u00bb background_position=\u00a0\u00bbcenter_left\u00a0\u00bb min_height=\u00a0\u00bb280.8px\u00a0\u00bb custom_margin=\u00a0\u00bb||-75px|||\u00a0\u00bb custom_css_main_element=\u00a0\u00bbbackground-position: left -38.2em center!important;\u00a0\u00bb da_disable_devices=\u00a0\u00bboff|off|off\u00a0\u00bb locked=\u00a0\u00bboff\u00a0\u00bb global_colors_info=\u00a0\u00bb{}\u00a0\u00bb custom_css_main_element_last_edited=\u00a0\u00bbon|desktop\u00a0\u00bb custom_css_main_element_tablet=\u00a0\u00bbbackground-position: left -38.2em top -25em!important;\u00a0\u00bb custom_css_main_element_phone=\u00a0\u00bbbackground-position: left -38.2em top -20em!important;\u00a0\u00bb da_is_popup=\u00a0\u00bboff\u00a0\u00bb da_exit_intent=\u00a0\u00bboff\u00a0\u00bb da_has_close=\u00a0\u00bbon\u00a0\u00bb da_alt_close=\u00a0\u00bboff\u00a0\u00bb da_dark_close=\u00a0\u00bboff\u00a0\u00bb da_not_modal=\u00a0\u00bbon\u00a0\u00bb da_is_singular=\u00a0\u00bboff\u00a0\u00bb da_with_loader=\u00a0\u00bboff\u00a0\u00bb da_has_shadow=\u00a0\u00bbon\u00a0\u00bb][et_pb_row disabled_on=\u00a0\u00bboff|off|off\u00a0\u00bb _builder_version=\u00a0\u00bb4.16&Prime; _module_preset=\u00a0\u00bbdefault\u00a0\u00bb min_height=\u00a0\u00bb217.8px\u00a0\u00bb custom_margin=\u00a0\u00bb5em||||false|false\u00a0\u00bb custom_margin_tablet=\u00a0\u00bb\u00a0\u00bb custom_margin_phone=\u00a0\u00bb10em||||false|false\u00a0\u00bb custom_margin_last_edited=\u00a0\u00bbon|phone\u00a0\u00bb global_colors_info=\u00a0\u00bb{}\u00a0\u00bb][et_pb_column type=\u00a0\u00bb4_4&Prime; _builder_version=\u00a0\u00bb4.16&Prime; _module_preset=\u00a0\u00bbdefault\u00a0\u00bb global_colors_info=\u00a0\u00bb{}\u00a0\u00bb][et_pb_text _builder_version=\u00a0\u00bb4.19.2&Prime; _module_preset=\u00a0\u00bbdefault\u00a0\u00bb header_font=\u00a0\u00bbRecoleta Bold|800|||||||\u00a0\u00bb header_text_align=\u00a0\u00bbcenter\u00a0\u00bb header_font_size=\u00a0\u00bb100px\u00a0\u00bb background_layout=\u00a0\u00bbdark\u00a0\u00bb header_font_size_tablet=\u00a0\u00bb80px\u00a0\u00bb header_font_size_phone=\u00a0\u00bb40px\u00a0\u00bb header_font_size_last_edited=\u00a0\u00bbon|desktop\u00a0\u00bb global_colors_info=\u00a0\u00bb{}\u00a0\u00bb]<\/p>\n<h1>Panda Roux<\/h1>\n<h2 style=\"text-align: center;\">Ailurus Fulgens<\/h2>\n<p>&nbsp;<\/p>\n<p>[\/et_pb_text][\/et_pb_column][\/et_pb_row][\/et_pb_section][et_pb_section fb_built=\u00a0\u00bb1&Prime; admin_label=\u00a0\u00bbSection\u00a0\u00bb module_id=\u00a0\u00bbhistoire\u00a0\u00bb _builder_version=\u00a0\u00bb4.19.2&Prime; _module_preset=\u00a0\u00bbdefault\u00a0\u00bb background_image=\u00a0\u00bbhttps:\/\/www.zoo-bordeaux-pessac.com\/public\/wp-content\/uploads\/2021\/05\/feuillagePlume-3.svg\u00a0\u00bb background_size=\u00a0\u00bbinitial\u00a0\u00bb background_position=\u00a0\u00bbcenter_right\u00a0\u00bb custom_padding=\u00a0\u00bb0px|||||\u00a0\u00bb custom_css_main_element=\u00a0\u00bbbackground-position: right -2em center!important;||\u00a0\u00bb da_popup_slug=\u00a0\u00bbhistoire\u00a0\u00bb da_disable_devices=\u00a0\u00bboff|off|off\u00a0\u00bb locked=\u00a0\u00bboff\u00a0\u00bb global_colors_info=\u00a0\u00bb{}\u00a0\u00bb custom_css_main_element_last_edited=\u00a0\u00bbon|phone\u00a0\u00bb custom_css_main_element_phone=\u00a0\u00bbbackground-position: right -2em center!important;\u00a0\u00bb custom_css_main_element_tablet=\u00a0\u00bbbackground-position: right -2em center!important;||\u00a0\u00bb da_is_popup=\u00a0\u00bboff\u00a0\u00bb da_exit_intent=\u00a0\u00bboff\u00a0\u00bb da_has_close=\u00a0\u00bbon\u00a0\u00bb da_alt_close=\u00a0\u00bboff\u00a0\u00bb da_dark_close=\u00a0\u00bboff\u00a0\u00bb da_not_modal=\u00a0\u00bbon\u00a0\u00bb da_is_singular=\u00a0\u00bboff\u00a0\u00bb da_with_loader=\u00a0\u00bboff\u00a0\u00bb da_has_shadow=\u00a0\u00bbon\u00a0\u00bb][et_pb_row column_structure=\u00a0\u00bb1_2,1_2&Prime; _builder_version=\u00a0\u00bb4.19.2&Prime; _module_preset=\u00a0\u00bbdefault\u00a0\u00bb global_colors_info=\u00a0\u00bb{}\u00a0\u00bb][et_pb_column type=\u00a0\u00bb1_2&Prime; _builder_version=\u00a0\u00bb4.19.2&Prime; _module_preset=\u00a0\u00bbdefault\u00a0\u00bb global_colors_info=\u00a0\u00bb{}\u00a0\u00bb][et_pb_image src=\u00a0\u00bbhttps:\/\/www.zoo-bordeaux-pessac.com\/public\/wp-content\/uploads\/2022\/12\/P1320393-scaled.jpg\u00a0\u00bb alt=\u00a0\u00bbpanda roux\u00a0\u00bb title_text=\u00a0\u00bbPandas roux\u00a0\u00bb _builder_version=\u00a0\u00bb4.19.2&Prime; _module_preset=\u00a0\u00bbdefault\u00a0\u00bb global_colors_info=\u00a0\u00bb{}\u00a0\u00bb][\/et_pb_image][\/et_pb_column][et_pb_column type=\u00a0\u00bb1_2&Prime; _builder_version=\u00a0\u00bb4.19.2&Prime; _module_preset=\u00a0\u00bbdefault\u00a0\u00bb global_colors_info=\u00a0\u00bb{}\u00a0\u00bb][et_pb_text _builder_version=\u00a0\u00bb4.21.0&Prime; _module_preset=\u00a0\u00bbdefault\u00a0\u00bb text_font=\u00a0\u00bbProxima Nova Regular||||||||\u00a0\u00bb text_text_color=\u00a0\u00bb#000000&Prime; text_font_size=\u00a0\u00bb20px\u00a0\u00bb min_height=\u00a0\u00bb261.6px\u00a0\u00bb hover_enabled=\u00a0\u00bb0&Prime; global_colors_info=\u00a0\u00bb{}\u00a0\u00bb sticky_enabled=\u00a0\u00bb0&Prime;]<\/p>\n<h2><strong>Le saviez-vous ?<\/strong><\/h2>\n<p><span>Le <\/span><strong data-start=\"226\" data-end=\"240\">panda roux<\/strong><span> est le <\/span><strong data-start=\"248\" data-end=\"283\">seul repr\u00e9sentant de sa famille<\/strong><span>, les <\/span><em data-start=\"289\" data-end=\"300\">Ailurid\u00e9s<\/em><span>.<\/span><br data-start=\"301\" data-end=\"304\" \/><span>Contrairement \u00e0 ce que l\u2019on pourrait penser, il <\/span><strong data-start=\"352\" data-end=\"390\">n\u2019est pas apparent\u00e9 au panda g\u00e9ant<\/strong><span>, mais se rapproche davantage du <\/span><strong data-start=\"423\" data-end=\"439\">raton laveur<\/strong><span>. Leur seul v\u00e9ritable point commun : leur <\/span><strong data-start=\"481\" data-end=\"504\">go\u00fbt pour le bambou<\/strong><span> !<\/span><br data-start=\"506\" data-end=\"509\" \/><span>En n\u00e9palais, le mot <\/span><em data-start=\"529\" data-end=\"536\">panda<\/em><span> vient de <\/span><em data-start=\"546\" data-end=\"554\">ponoya<\/em><span>, qui signifie \u00ab mangeur de bambous \u00bb.<\/span><\/p>\n<p>[\/et_pb_text][\/et_pb_column][\/et_pb_row][et_pb_row _builder_version=\u00a0\u00bb4.19.2&Prime; _module_preset=\u00a0\u00bbdefault\u00a0\u00bb min_height=\u00a0\u00bb580.2px\u00a0\u00bb custom_margin=\u00a0\u00bb|auto|-86px|auto||\u00a0\u00bb custom_padding=\u00a0\u00bb0px||0px|||\u00a0\u00bb global_colors_info=\u00a0\u00bb{}\u00a0\u00bb][et_pb_column type=\u00a0\u00bb4_4&Prime; _builder_version=\u00a0\u00bb4.16&Prime; _module_preset=\u00a0\u00bbdefault\u00a0\u00bb global_colors_info=\u00a0\u00bb{}\u00a0\u00bb][et_pb_text _builder_version=\u00a0\u00bb4.21.0&Prime; _module_preset=\u00a0\u00bbdefault\u00a0\u00bb text_font=\u00a0\u00bbProxima Nova Regular||||||||\u00a0\u00bb text_text_color=\u00a0\u00bb#000000&Prime; text_font_size=\u00a0\u00bb20px\u00a0\u00bb header_6_font=\u00a0\u00bbProxima Nova Regular|700|||||||\u00a0\u00bb header_6_font_size=\u00a0\u00bb20px\u00a0\u00bb link_option_url=\u00a0\u00bbhttps:\/\/www.iucn.org\/fr\u00a0\u00bb global_colors_info=\u00a0\u00bb{}\u00a0\u00bb]<\/p>\n<h3 data-start=\"596\" data-end=\"640\"><strong>Un pelage pour se fondre dans le d\u00e9cor<\/strong><\/h3>\n<p data-start=\"641\" data-end=\"963\">Son pelage roux et blanc n\u2019est pas seulement esth\u00e9tique : il lui sert de <strong data-start=\"714\" data-end=\"736\">camouflage naturel<\/strong> dans les for\u00eats de l\u2019Himalaya. Les troncs d\u2019arbres sont souvent recouverts de <strong data-start=\"815\" data-end=\"835\">mousse rouge\u00e2tre<\/strong> et de <strong data-start=\"842\" data-end=\"858\">lichen clair<\/strong>, un environnement parfait pour passer inaper\u00e7u face \u00e0 ses pr\u00e9dateurs comme la <strong data-start=\"937\" data-end=\"960\">panth\u00e8re des neiges<\/strong>.<\/p>\n<h3 data-start=\"965\" data-end=\"1011\"><strong>Caract\u00e9ristiques, mode de vie et habitat<\/strong><\/h3>\n<p data-start=\"1012\" data-end=\"1589\">Le panda roux vit dans les <strong data-start=\"1039\" data-end=\"1087\">for\u00eats humides et montagneuses de l\u2019Himalaya<\/strong>, entre 2 000 et 4 000 m\u00e8tres d\u2019altitude.<br data-start=\"1128\" data-end=\"1131\" \/>Son <strong data-start=\"1135\" data-end=\"1155\">\u00e9paisse fourrure<\/strong> et ses <strong data-start=\"1163\" data-end=\"1183\">coussinets velus<\/strong> le prot\u00e8gent du froid et de la neige.<br data-start=\"1221\" data-end=\"1224\" \/>C\u2019est un <strong data-start=\"1233\" data-end=\"1255\">excellent grimpeur<\/strong>, passant une grande partie de sa journ\u00e9e perch\u00e9 dans les arbres.<br data-start=\"1320\" data-end=\"1323\" \/>Gr\u00e2ce \u00e0 son <strong data-start=\"1335\" data-end=\"1352\">sixi\u00e8me doigt<\/strong> (une fausse \u201cpouce\u201d), il peut facilement <strong data-start=\"1394\" data-end=\"1424\">saisir les tiges de bambou<\/strong> et <strong data-start=\"1428\" data-end=\"1461\">descendre la t\u00eate la premi\u00e8re<\/strong> le long des troncs.<br data-start=\"1481\" data-end=\"1484\" \/>Bien qu\u2019omnivore, il se nourrit \u00e0 <strong data-start=\"1518\" data-end=\"1536\">98 % de bambou<\/strong>, compl\u00e9t\u00e9 de fruits, d\u2019\u0153ufs ou de petits insectes.<\/p>\n<h3 data-start=\"1591\" data-end=\"1617\"><strong>Mauricette &amp; Maurice<\/strong><\/h3>\n<p data-start=\"1618\" data-end=\"1895\">Avez-vous eu la chance de les apercevoir ?<br data-start=\"1660\" data-end=\"1663\" \/>Nos deux pandas roux, <strong data-start=\"1685\" data-end=\"1710\">Mauricette et Maurice<\/strong>, sont parfois discrets et aiment se <strong data-start=\"1747\" data-end=\"1779\">cacher dans le grand buisson<\/strong> au centre de leur enclos.<br data-start=\"1805\" data-end=\"1808\" \/>Pour les diff\u00e9rencier, un petit indice : <strong data-start=\"1849\" data-end=\"1892\">Maurice a le visage plus blanc que roux<\/strong>.<\/p>\n<h3 data-start=\"1897\" data-end=\"1930\"><strong>Pourquoi sont-ils menac\u00e9s ?<\/strong><\/h3>\n<p data-start=\"1931\" data-end=\"2160\"><strong data-start=\"1931\" data-end=\"1958\">Statut UICN : En danger<\/strong><br data-start=\"1958\" data-end=\"1961\" \/>La <strong data-start=\"1964\" data-end=\"1981\">d\u00e9forestation<\/strong> des for\u00eats de l\u2019Himalaya r\u00e9duit consid\u00e9rablement leur habitat.<br data-start=\"2044\" data-end=\"2047\" \/>Le panda roux est aussi <strong data-start=\"2071\" data-end=\"2096\">victime du braconnage<\/strong>, chass\u00e9 pour sa fourrure ou captur\u00e9 pour le commerce ill\u00e9gal.<\/p>\n<h3 data-start=\"2162\" data-end=\"2200\">Comment agir pour les prot\u00e9ger ?<\/h3>\n<p data-start=\"2201\" data-end=\"2398\">Pour contribuer \u00e0 la sauvegarde de cette esp\u00e8ce, vous pouvez soutenir <strong data-start=\"2271\" data-end=\"2306\">l\u2019association Red Panda Network<\/strong>, qui \u0153uvre pour la <strong data-start=\"2326\" data-end=\"2371\">protection du panda roux et de ses for\u00eats<\/strong> dans son milieu naturel.<\/p>\n<p style=\"text-align: justify;\">\n<p>[\/et_pb_text][\/et_pb_column][\/et_pb_row][et_pb_row _builder_version=\u00a0\u00bb4.19.2&Prime; _module_preset=\u00a0\u00bbdefault\u00a0\u00bb min_height=\u00a0\u00bb199.3px\u00a0\u00bb custom_padding=\u00a0\u00bb3px|||||\u00a0\u00bb global_colors_info=\u00a0\u00bb{}\u00a0\u00bb][et_pb_column type=\u00a0\u00bb4_4&Prime; _builder_version=\u00a0\u00bb4.19.2&Prime; _module_preset=\u00a0\u00bbdefault\u00a0\u00bb global_colors_info=\u00a0\u00bb{}\u00a0\u00bb][et_pb_button button_url=\u00a0\u00bbhttps:\/\/redpandanetwork.org\/\u00a0\u00bb button_text=\u00a0\u00bbPour en savoir plus sur Red Panda Network\u00a0\u00bb button_alignment=\u00a0\u00bbcenter\u00a0\u00bb _builder_version=\u00a0\u00bb4.19.2&Prime; _module_preset=\u00a0\u00bbdefault\u00a0\u00bb custom_button=\u00a0\u00bbon\u00a0\u00bb button_text_color=\u00a0\u00bb#000000&Prime; button_bg_color=\u00a0\u00bb#efa34f\u00a0\u00bb button_use_icon=\u00a0\u00bboff\u00a0\u00bb animation_style=\u00a0\u00bbslide\u00a0\u00bb animation_repeat=\u00a0\u00bbloop\u00a0\u00bb global_colors_info=\u00a0\u00bb{}\u00a0\u00bb][\/et_pb_button][\/et_pb_column][\/et_pb_row][\/et_pb_section]<\/p>\n","protected":false},"excerpt":{"rendered":"<p>Agir : l&rsquo;histoire et les missions du Zoo de Bordeaux Pessac&#8230;<\/p>\n","protected":false},"author":4,"featured_media":2026,"parent":0,"menu_order":0,"comment_status":"closed","ping_status":"closed","template":"","meta":{"_et_pb_use_builder":"on","_et_pb_old_content":"","_et_gb_content_width":"","content-type":"","footnotes":""},"class_list":["post-2022","page","type-page","status-publish","has-post-thumbnail","hentry"],"_links":{"self":[{"href":"https:\/\/www.zoo-bordeaux-pessac.com\/public\/wp-json\/wp\/v2\/pages\/2022","targetHints":{"allow":["GET"]}}],"collection":[{"href":"https:\/\/www.zoo-bordeaux-pessac.com\/public\/wp-json\/wp\/v2\/pages"}],"about":[{"href":"https:\/\/www.zoo-bordeaux-pessac.com\/public\/wp-json\/wp\/v2\/types\/page"}],"author":[{"embeddable":true,"href":"https:\/\/www.zoo-bordeaux-pessac.com\/public\/wp-json\/wp\/v2\/users\/4"}],"replies":[{"embeddable":true,"href":"https:\/\/www.zoo-bordeaux-pessac.com\/public\/wp-json\/wp\/v2\/comments?post=2022"}],"version-history":[{"count":18,"href":"https:\/\/www.zoo-bordeaux-pessac.com\/public\/wp-json\/wp\/v2\/pages\/2022\/revisions"}],"predecessor-version":[{"id":17500,"href":"https:\/\/www.zoo-bordeaux-pessac.com\/public\/wp-json\/wp\/v2\/pages\/2022\/revisions\/17500"}],"wp:featuredmedia":[{"embeddable":true,"href":"https:\/\/www.zoo-bordeaux-pessac.com\/public\/wp-json\/wp\/v2\/media\/2026"}],"wp:attachment":[{"href":"https:\/\/www.zoo-bordeaux-pessac.com\/public\/wp-json\/wp\/v2\/media?parent=2022"}],"curies":[{"name":"wp","href":"https:\/\/api.w.org\/{rel}","templated":true}]}}