{"id":2180,"date":"2022-12-23T15:23:03","date_gmt":"2022-12-23T14:23:03","guid":{"rendered":"https:\/\/www.zoo-bordeaux-pessac.com\/public\/?page_id=2180"},"modified":"2025-11-02T10:09:16","modified_gmt":"2025-11-02T09:09:16","slug":"lion-dafrique","status":"publish","type":"page","link":"https:\/\/www.zoo-bordeaux-pessac.com\/public\/lion-dafrique\/","title":{"rendered":"Lion d&rsquo;Afrique"},"content":{"rendered":"<p>[et_pb_section fb_built=\u00a0\u00bb1&Prime; admin_label=\u00a0\u00bbSection\u00a0\u00bb _builder_version=\u00a0\u00bb4.16&Prime; _module_preset=\u00a0\u00bbdefault\u00a0\u00bb background_color=\u00a0\u00bb#f0a136&Prime; background_image=\u00a0\u00bbhttps:\/\/www.zoo-bordeaux-pessac.com\/public\/wp-content\/uploads\/2021\/05\/feuillagePalmier-2.svg\u00a0\u00bb background_size=\u00a0\u00bbinitial\u00a0\u00bb background_position=\u00a0\u00bbcenter_left\u00a0\u00bb min_height=\u00a0\u00bb280.8px\u00a0\u00bb custom_margin=\u00a0\u00bb||-75px|||\u00a0\u00bb custom_css_main_element=\u00a0\u00bbbackground-position: left -38.2em center!important;\u00a0\u00bb da_disable_devices=\u00a0\u00bboff|off|off\u00a0\u00bb locked=\u00a0\u00bboff\u00a0\u00bb global_colors_info=\u00a0\u00bb{}\u00a0\u00bb custom_css_main_element_last_edited=\u00a0\u00bbon|desktop\u00a0\u00bb custom_css_main_element_tablet=\u00a0\u00bbbackground-position: left -38.2em top -25em!important;\u00a0\u00bb custom_css_main_element_phone=\u00a0\u00bbbackground-position: left -38.2em top -20em!important;\u00a0\u00bb da_is_popup=\u00a0\u00bboff\u00a0\u00bb da_exit_intent=\u00a0\u00bboff\u00a0\u00bb da_has_close=\u00a0\u00bbon\u00a0\u00bb da_alt_close=\u00a0\u00bboff\u00a0\u00bb da_dark_close=\u00a0\u00bboff\u00a0\u00bb da_not_modal=\u00a0\u00bbon\u00a0\u00bb da_is_singular=\u00a0\u00bboff\u00a0\u00bb da_with_loader=\u00a0\u00bboff\u00a0\u00bb da_has_shadow=\u00a0\u00bbon\u00a0\u00bb][et_pb_row disabled_on=\u00a0\u00bboff|off|off\u00a0\u00bb _builder_version=\u00a0\u00bb4.16&Prime; _module_preset=\u00a0\u00bbdefault\u00a0\u00bb min_height=\u00a0\u00bb217.8px\u00a0\u00bb custom_margin=\u00a0\u00bb5em||||false|false\u00a0\u00bb custom_margin_tablet=\u00a0\u00bb\u00a0\u00bb custom_margin_phone=\u00a0\u00bb10em||||false|false\u00a0\u00bb custom_margin_last_edited=\u00a0\u00bbon|phone\u00a0\u00bb global_colors_info=\u00a0\u00bb{}\u00a0\u00bb][et_pb_column type=\u00a0\u00bb4_4&Prime; _builder_version=\u00a0\u00bb4.16&Prime; _module_preset=\u00a0\u00bbdefault\u00a0\u00bb global_colors_info=\u00a0\u00bb{}\u00a0\u00bb][et_pb_text _builder_version=\u00a0\u00bb4.19.4&Prime; _module_preset=\u00a0\u00bbdefault\u00a0\u00bb header_font=\u00a0\u00bbRecoleta Bold|800|||||||\u00a0\u00bb header_text_align=\u00a0\u00bbcenter\u00a0\u00bb header_font_size=\u00a0\u00bb100px\u00a0\u00bb background_layout=\u00a0\u00bbdark\u00a0\u00bb header_font_size_tablet=\u00a0\u00bb80px\u00a0\u00bb header_font_size_phone=\u00a0\u00bb40px\u00a0\u00bb header_font_size_last_edited=\u00a0\u00bbon|desktop\u00a0\u00bb global_colors_info=\u00a0\u00bb{}\u00a0\u00bb]<\/p>\n<h1>Lion d&rsquo;Afrique<\/h1>\n<h2 style=\"text-align: center;\">Panthera Leo<\/h2>\n<p>&nbsp;<\/p>\n<p>[\/et_pb_text][\/et_pb_column][\/et_pb_row][\/et_pb_section][et_pb_section fb_built=\u00a0\u00bb1&Prime; admin_label=\u00a0\u00bbSection\u00a0\u00bb module_id=\u00a0\u00bbhistoire\u00a0\u00bb _builder_version=\u00a0\u00bb4.19.2&Prime; _module_preset=\u00a0\u00bbdefault\u00a0\u00bb background_image=\u00a0\u00bbhttps:\/\/www.zoo-bordeaux-pessac.com\/public\/wp-content\/uploads\/2021\/05\/feuillagePlume-3.svg\u00a0\u00bb background_size=\u00a0\u00bbinitial\u00a0\u00bb background_position=\u00a0\u00bbcenter_right\u00a0\u00bb custom_padding=\u00a0\u00bb0px|||||\u00a0\u00bb custom_css_main_element=\u00a0\u00bbbackground-position: right -2em center!important;||\u00a0\u00bb da_popup_slug=\u00a0\u00bbhistoire\u00a0\u00bb da_disable_devices=\u00a0\u00bboff|off|off\u00a0\u00bb locked=\u00a0\u00bboff\u00a0\u00bb global_colors_info=\u00a0\u00bb{}\u00a0\u00bb custom_css_main_element_last_edited=\u00a0\u00bbon|phone\u00a0\u00bb custom_css_main_element_phone=\u00a0\u00bbbackground-position: right -2em center!important;\u00a0\u00bb custom_css_main_element_tablet=\u00a0\u00bbbackground-position: right -2em center!important;||\u00a0\u00bb da_is_popup=\u00a0\u00bboff\u00a0\u00bb da_exit_intent=\u00a0\u00bboff\u00a0\u00bb da_has_close=\u00a0\u00bbon\u00a0\u00bb da_alt_close=\u00a0\u00bboff\u00a0\u00bb da_dark_close=\u00a0\u00bboff\u00a0\u00bb da_not_modal=\u00a0\u00bbon\u00a0\u00bb da_is_singular=\u00a0\u00bboff\u00a0\u00bb da_with_loader=\u00a0\u00bboff\u00a0\u00bb da_has_shadow=\u00a0\u00bbon\u00a0\u00bb][et_pb_row column_structure=\u00a0\u00bb1_2,1_2&Prime; _builder_version=\u00a0\u00bb4.19.2&Prime; _module_preset=\u00a0\u00bbdefault\u00a0\u00bb global_colors_info=\u00a0\u00bb{}\u00a0\u00bb][et_pb_column type=\u00a0\u00bb1_2&Prime; _builder_version=\u00a0\u00bb4.19.2&Prime; _module_preset=\u00a0\u00bbdefault\u00a0\u00bb global_colors_info=\u00a0\u00bb{}\u00a0\u00bb][et_pb_image src=\u00a0\u00bbhttps:\/\/www.zoo-bordeaux-pessac.com\/public\/wp-content\/uploads\/2022\/12\/DSC_0292-scaled.jpg\u00a0\u00bb alt=\u00a0\u00bblion\u00a0\u00bb title_text=\u00a0\u00bbDSC_0292&Prime; _builder_version=\u00a0\u00bb4.19.4&Prime; _module_preset=\u00a0\u00bbdefault\u00a0\u00bb global_colors_info=\u00a0\u00bb{}\u00a0\u00bb][\/et_pb_image][\/et_pb_column][et_pb_column type=\u00a0\u00bb1_2&Prime; _builder_version=\u00a0\u00bb4.19.2&Prime; _module_preset=\u00a0\u00bbdefault\u00a0\u00bb global_colors_info=\u00a0\u00bb{}\u00a0\u00bb][et_pb_text _builder_version=\u00a0\u00bb4.24.0&Prime; _module_preset=\u00a0\u00bbdefault\u00a0\u00bb text_font=\u00a0\u00bbProxima Nova Regular||||||||\u00a0\u00bb text_text_color=\u00a0\u00bb#000000&Prime; text_font_size=\u00a0\u00bb20px\u00a0\u00bb min_height=\u00a0\u00bb261.6px\u00a0\u00bb global_colors_info=\u00a0\u00bb{}\u00a0\u00bb]<\/p>\n<h2 style=\"text-align: justify;\"><strong>Le saviez-vous ?<\/strong><\/h2>\n<p style=\"text-align: justify;\"><span>Un lion peut manger jusqu\u2019\u00e0 <\/span><strong data-start=\"209\" data-end=\"228\">35 kg de viande<\/strong><span> en un seul repas, soit pr\u00e8s de <\/span><strong data-start=\"260\" data-end=\"274\">320 steaks<\/strong><span> !<\/span><br data-start=\"276\" data-end=\"279\" \/><span>Surnomm\u00e9 <\/span><strong data-start=\"288\" data-end=\"311\">le roi de la savane<\/strong><span>, il marque sa pr\u00e9sence par un <\/span><strong data-start=\"342\" data-end=\"372\">rugissement impressionnant<\/strong><span> que l\u2019on peut entendre \u00e0 plus de <\/span><strong data-start=\"406\" data-end=\"414\">8 km<\/strong><span>.<\/span><br data-start=\"415\" data-end=\"418\" \/><span>\u00c0 la naissance, les lionceaux portent de <\/span><strong data-start=\"459\" data-end=\"477\">petites taches<\/strong><span> sur leur pelage sable, qui disparaissent en grandissant.<\/span><br data-start=\"534\" data-end=\"537\" \/><span>Et si la <\/span><strong data-start=\"546\" data-end=\"555\">queue<\/strong><span> du lion est si pr\u00e9cieuse, c\u2019est parce qu\u2019elle lui sert \u00e0 garder l\u2019\u00e9quilibre et \u00e0 communiquer \u2014 les femelles la l\u00e8vent pour <\/span><strong data-start=\"679\" data-end=\"702\">guider leurs petits<\/strong><span> lors des d\u00e9placements.<\/span><\/p>\n<p>[\/et_pb_text][\/et_pb_column][\/et_pb_row][et_pb_row _builder_version=\u00a0\u00bb4.19.2&Prime; _module_preset=\u00a0\u00bbdefault\u00a0\u00bb min_height=\u00a0\u00bb580.2px\u00a0\u00bb custom_margin=\u00a0\u00bb|auto|-86px|auto||\u00a0\u00bb custom_padding=\u00a0\u00bb0px||0px|||\u00a0\u00bb global_colors_info=\u00a0\u00bb{}\u00a0\u00bb][et_pb_column type=\u00a0\u00bb4_4&Prime; _builder_version=\u00a0\u00bb4.16&Prime; _module_preset=\u00a0\u00bbdefault\u00a0\u00bb global_colors_info=\u00a0\u00bb{}\u00a0\u00bb][et_pb_text _builder_version=\u00a0\u00bb4.24.0&Prime; _module_preset=\u00a0\u00bbdefault\u00a0\u00bb text_font=\u00a0\u00bbProxima Nova Regular||||||||\u00a0\u00bb text_text_color=\u00a0\u00bb#000000&Prime; text_font_size=\u00a0\u00bb20px\u00a0\u00bb header_6_font=\u00a0\u00bbProxima Nova Regular|700|||||||\u00a0\u00bb header_6_font_size=\u00a0\u00bb20px\u00a0\u00bb link_option_url=\u00a0\u00bbhttps:\/\/www.iucn.org\/fr\u00a0\u00bb global_colors_info=\u00a0\u00bb{}\u00a0\u00bb]<\/p>\n<h2 style=\"text-align: justify;\"><strong><\/strong><\/h2>\n<h2 style=\"text-align: justify;\"><strong>Le Clan des Lions<\/strong><\/h2>\n<p data-start=\"768\" data-end=\"958\">Au <strong data-start=\"771\" data-end=\"797\">Zoo de Bordeaux Pessac<\/strong>, c\u2019est une v\u00e9ritable <strong data-start=\"819\" data-end=\"837\">famille soud\u00e9e<\/strong> qui r\u00e8gne sur le territoire : <strong data-start=\"868\" data-end=\"890\">Nila, Kiara, Flori<\/strong> et <strong data-start=\"894\" data-end=\"901\">Gyz<\/strong>.<br data-start=\"902\" data-end=\"905\" \/>Chacun a son caract\u00e8re et sa place dans le groupe :<\/p>\n<ul data-start=\"960\" data-end=\"1631\">\n<li data-start=\"960\" data-end=\"1143\">\n<p data-start=\"962\" data-end=\"1143\"><strong data-start=\"962\" data-end=\"970\">Nila<\/strong>, la plus \u00e2g\u00e9e, est aussi la plus calme. Rescap\u00e9e d\u2019une bo\u00eete de nuit o\u00f9 elle \u00e9tait nourrie au lait infantile, elle profite aujourd\u2019hui d\u2019une vie paisible au sein du clan.<\/p>\n<\/li>\n<li data-start=\"1144\" data-end=\"1294\">\n<p data-start=\"1146\" data-end=\"1294\"><strong data-start=\"1146\" data-end=\"1155\">Kiara<\/strong>, n\u00e9e en 2021, est une lionne douce et curieuse. Sauv\u00e9e d\u2019un propri\u00e9taire priv\u00e9, elle s\u2019est vite int\u00e9gr\u00e9e et adore jouer avec les autres.<\/p>\n<\/li>\n<li data-start=\"1295\" data-end=\"1476\">\n<p data-start=\"1297\" data-end=\"1476\"><strong data-start=\"1297\" data-end=\"1306\">Flori<\/strong>, \u00e9galement n\u00e9e en 2021, a grandi dans un appartement. Malgr\u00e9 une anomalie de croissance due \u00e0 une alimentation inadapt\u00e9e, c\u2019est la <strong data-start=\"1438\" data-end=\"1462\">plus joueuse et vive<\/strong> du groupe !<\/p>\n<\/li>\n<li data-start=\"1477\" data-end=\"1631\">\n<p data-start=\"1479\" data-end=\"1631\"><strong data-start=\"1479\" data-end=\"1486\">Gyz<\/strong>, jeune m\u00e2le de 4 ans, a \u00e9t\u00e9 exploit\u00e9 dans un centre commercial. Calme, pos\u00e9 et bienveillant, il est aujourd\u2019hui le <strong data-start=\"1602\" data-end=\"1620\">leader naturel<\/strong> du clan.<\/p>\n<\/li>\n<\/ul>\n<p data-start=\"1633\" data-end=\"1895\">Leur histoire commune est celle de <strong data-start=\"1668\" data-end=\"1709\">la r\u00e9silience et de la seconde chance<\/strong>. Ensemble, ils forment un groupe uni, o\u00f9 les liens sont forts et les interactions sinc\u00e8res : toilettage, repos, jeux, et parfois quelques petits d\u00e9saccords, comme dans toute famille !<\/p>\n<p data-start=\"1897\" data-end=\"2031\">Observer ce clan, c\u2019est d\u00e9couvrir <strong data-start=\"1931\" data-end=\"1976\">la beaut\u00e9 de la solidarit\u00e9 chez les lions<\/strong>, leur communication fine et leur attachement mutuel.<\/p>\n<p data-start=\"1897\" data-end=\"2031\"><span>Ici, au zoo de Bordeaux Pessac, notre clan incarne <\/span><strong data-start=\"2635\" data-end=\"2673\">la renaissance et la bienveillance<\/strong><span>.<\/span><br data-start=\"2674\" data-end=\"2677\" \/><span>Chaque jour, nos soigneurs veillent \u00e0 leur bien-\u00eatre et \u00e0 la coh\u00e9sion du groupe, recr\u00e9ant les conditions d\u2019une <\/span><strong data-start=\"2788\" data-end=\"2824\">vie sociale naturelle et apais\u00e9e<\/strong><span>.<\/span><br data-start=\"2825\" data-end=\"2828\" \/><span>Leur pr\u00e9sence rappelle que <\/span><strong data-start=\"2855\" data-end=\"2896\">chaque lion m\u00e9rite une seconde chance<\/strong><span>, et que la conservation passe aussi par l\u2019\u00e9ducation, la sensibilisation et l\u2019amour du vivant.<\/span><\/p>\n<h2 style=\"text-align: justify;\"><strong>Pourquoi sont-ils menac\u00e9s ?<\/strong><\/h2>\n<p style=\"text-align: justify;\">Statut de menace UICN\u00a0: Vuln\u00e9rable<\/p>\n<p>La population des lions d\u2019Afrique est pass\u00e9e de 100 000 \u00e0 30 000 individus en 50 ans. L\u2019habitat naturel d\u2019origine des lions disparait petit \u00e0 petit, le nombre de proies diminue et il est victime de la chasse au troph\u00e9e et du braconnage.<\/p>\n<p>La sous-esp\u00e8ce des lions de l\u2019Atlas est consid\u00e9r\u00e9e comme \u00e9teinte \u00e0 l\u2019\u00e9tat sauvage depuis les ann\u00e9es 1950, il en reste uniquement environ 90 individus dans les zoos europ\u00e9ens.<\/p>\n<p style=\"text-align: justify;\">\n<p>[\/et_pb_text][\/et_pb_column][\/et_pb_row][et_pb_row _builder_version=\u00a0\u00bb4.19.2&Prime; _module_preset=\u00a0\u00bbdefault\u00a0\u00bb min_height=\u00a0\u00bb199.3px\u00a0\u00bb custom_padding=\u00a0\u00bb3px|||||\u00a0\u00bb global_colors_info=\u00a0\u00bb{}\u00a0\u00bb][et_pb_column type=\u00a0\u00bb4_4&Prime; _builder_version=\u00a0\u00bb4.19.2&Prime; _module_preset=\u00a0\u00bbdefault\u00a0\u00bb global_colors_info=\u00a0\u00bb{}\u00a0\u00bb][et_pb_button button_url=\u00a0\u00bbhttps:\/\/panthera.org\/cat\/lion\u00a0\u00bb button_text=\u00a0\u00bbPour agir et en savoir plus sur l&rsquo;association Panthera.org\u00a0\u00bb button_alignment=\u00a0\u00bbcenter\u00a0\u00bb _builder_version=\u00a0\u00bb4.19.4&Prime; _module_preset=\u00a0\u00bbdefault\u00a0\u00bb custom_button=\u00a0\u00bbon\u00a0\u00bb button_text_color=\u00a0\u00bb#000000&Prime; button_bg_color=\u00a0\u00bb#efa34f\u00a0\u00bb button_use_icon=\u00a0\u00bboff\u00a0\u00bb animation_style=\u00a0\u00bbslide\u00a0\u00bb animation_repeat=\u00a0\u00bbloop\u00a0\u00bb global_colors_info=\u00a0\u00bb{}\u00a0\u00bb][\/et_pb_button][\/et_pb_column][\/et_pb_row][\/et_pb_section]<\/p>\n","protected":false},"excerpt":{"rendered":"<p>Agir : l&rsquo;histoire et les missions du Zoo de Bordeaux Pessac&#8230;<\/p>\n","protected":false},"author":4,"featured_media":2026,"parent":0,"menu_order":0,"comment_status":"closed","ping_status":"closed","template":"","meta":{"_et_pb_use_builder":"on","_et_pb_old_content":"","_et_gb_content_width":"","content-type":"","footnotes":""},"class_list":["post-2180","page","type-page","status-publish","has-post-thumbnail","hentry"],"_links":{"self":[{"href":"https:\/\/www.zoo-bordeaux-pessac.com\/public\/wp-json\/wp\/v2\/pages\/2180","targetHints":{"allow":["GET"]}}],"collection":[{"href":"https:\/\/www.zoo-bordeaux-pessac.com\/public\/wp-json\/wp\/v2\/pages"}],"about":[{"href":"https:\/\/www.zoo-bordeaux-pessac.com\/public\/wp-json\/wp\/v2\/types\/page"}],"author":[{"embeddable":true,"href":"https:\/\/www.zoo-bordeaux-pessac.com\/public\/wp-json\/wp\/v2\/users\/4"}],"replies":[{"embeddable":true,"href":"https:\/\/www.zoo-bordeaux-pessac.com\/public\/wp-json\/wp\/v2\/comments?post=2180"}],"version-history":[{"count":6,"href":"https:\/\/www.zoo-bordeaux-pessac.com\/public\/wp-json\/wp\/v2\/pages\/2180\/revisions"}],"predecessor-version":[{"id":17464,"href":"https:\/\/www.zoo-bordeaux-pessac.com\/public\/wp-json\/wp\/v2\/pages\/2180\/revisions\/17464"}],"wp:featuredmedia":[{"embeddable":true,"href":"https:\/\/www.zoo-bordeaux-pessac.com\/public\/wp-json\/wp\/v2\/media\/2026"}],"wp:attachment":[{"href":"https:\/\/www.zoo-bordeaux-pessac.com\/public\/wp-json\/wp\/v2\/media?parent=2180"}],"curies":[{"name":"wp","href":"https:\/\/api.w.org\/{rel}","templated":true}]}}