{"id":2194,"date":"2022-12-23T15:35:40","date_gmt":"2022-12-23T14:35:40","guid":{"rendered":"https:\/\/www.zoo-bordeaux-pessac.com\/public\/?page_id=2194"},"modified":"2025-10-30T15:49:47","modified_gmt":"2025-10-30T14:49:47","slug":"guepard","status":"publish","type":"page","link":"https:\/\/www.zoo-bordeaux-pessac.com\/public\/guepard\/","title":{"rendered":"Gu\u00e9pard"},"content":{"rendered":"<p>[et_pb_section fb_built=\u00a0\u00bb1&Prime; admin_label=\u00a0\u00bbSection\u00a0\u00bb _builder_version=\u00a0\u00bb4.16&Prime; _module_preset=\u00a0\u00bbdefault\u00a0\u00bb background_color=\u00a0\u00bb#f0a136&Prime; background_image=\u00a0\u00bbhttps:\/\/www.zoo-bordeaux-pessac.com\/public\/wp-content\/uploads\/2021\/05\/feuillagePalmier-2.svg\u00a0\u00bb background_size=\u00a0\u00bbinitial\u00a0\u00bb background_position=\u00a0\u00bbcenter_left\u00a0\u00bb min_height=\u00a0\u00bb280.8px\u00a0\u00bb custom_margin=\u00a0\u00bb||-75px|||\u00a0\u00bb custom_css_main_element=\u00a0\u00bbbackground-position: left -38.2em center!important;\u00a0\u00bb da_disable_devices=\u00a0\u00bboff|off|off\u00a0\u00bb locked=\u00a0\u00bboff\u00a0\u00bb global_colors_info=\u00a0\u00bb{}\u00a0\u00bb custom_css_main_element_last_edited=\u00a0\u00bbon|desktop\u00a0\u00bb custom_css_main_element_tablet=\u00a0\u00bbbackground-position: left -38.2em top -25em!important;\u00a0\u00bb custom_css_main_element_phone=\u00a0\u00bbbackground-position: left -38.2em top -20em!important;\u00a0\u00bb da_is_popup=\u00a0\u00bboff\u00a0\u00bb da_exit_intent=\u00a0\u00bboff\u00a0\u00bb da_has_close=\u00a0\u00bbon\u00a0\u00bb da_alt_close=\u00a0\u00bboff\u00a0\u00bb da_dark_close=\u00a0\u00bboff\u00a0\u00bb da_not_modal=\u00a0\u00bbon\u00a0\u00bb da_is_singular=\u00a0\u00bboff\u00a0\u00bb da_with_loader=\u00a0\u00bboff\u00a0\u00bb da_has_shadow=\u00a0\u00bbon\u00a0\u00bb][et_pb_row disabled_on=\u00a0\u00bboff|off|off\u00a0\u00bb _builder_version=\u00a0\u00bb4.16&Prime; _module_preset=\u00a0\u00bbdefault\u00a0\u00bb min_height=\u00a0\u00bb217.8px\u00a0\u00bb custom_margin=\u00a0\u00bb5em||||false|false\u00a0\u00bb custom_margin_tablet=\u00a0\u00bb\u00a0\u00bb custom_margin_phone=\u00a0\u00bb10em||||false|false\u00a0\u00bb custom_margin_last_edited=\u00a0\u00bbon|phone\u00a0\u00bb global_colors_info=\u00a0\u00bb{}\u00a0\u00bb][et_pb_column type=\u00a0\u00bb4_4&Prime; _builder_version=\u00a0\u00bb4.16&Prime; _module_preset=\u00a0\u00bbdefault\u00a0\u00bb global_colors_info=\u00a0\u00bb{}\u00a0\u00bb][et_pb_text _builder_version=\u00a0\u00bb4.19.4&Prime; _module_preset=\u00a0\u00bbdefault\u00a0\u00bb header_font=\u00a0\u00bbRecoleta Bold|800|||||||\u00a0\u00bb header_text_align=\u00a0\u00bbcenter\u00a0\u00bb header_font_size=\u00a0\u00bb100px\u00a0\u00bb background_layout=\u00a0\u00bbdark\u00a0\u00bb header_font_size_tablet=\u00a0\u00bb80px\u00a0\u00bb header_font_size_phone=\u00a0\u00bb40px\u00a0\u00bb header_font_size_last_edited=\u00a0\u00bbon|desktop\u00a0\u00bb global_colors_info=\u00a0\u00bb{}\u00a0\u00bb]<\/p>\n<h1>Gu\u00e9pard<\/h1>\n<h2 style=\"text-align: center;\">Acinonyx jubatus soemmeringii<\/h2>\n<p>&nbsp;<\/p>\n<p>[\/et_pb_text][\/et_pb_column][\/et_pb_row][\/et_pb_section][et_pb_section fb_built=\u00a0\u00bb1&Prime; admin_label=\u00a0\u00bbSection\u00a0\u00bb module_id=\u00a0\u00bbhistoire\u00a0\u00bb _builder_version=\u00a0\u00bb4.19.2&Prime; _module_preset=\u00a0\u00bbdefault\u00a0\u00bb background_image=\u00a0\u00bbhttps:\/\/www.zoo-bordeaux-pessac.com\/public\/wp-content\/uploads\/2021\/05\/feuillagePlume-3.svg\u00a0\u00bb background_size=\u00a0\u00bbinitial\u00a0\u00bb background_position=\u00a0\u00bbcenter_right\u00a0\u00bb custom_padding=\u00a0\u00bb0px|||||\u00a0\u00bb custom_css_main_element=\u00a0\u00bbbackground-position: right -2em center!important;||\u00a0\u00bb da_popup_slug=\u00a0\u00bbhistoire\u00a0\u00bb da_disable_devices=\u00a0\u00bboff|off|off\u00a0\u00bb locked=\u00a0\u00bboff\u00a0\u00bb global_colors_info=\u00a0\u00bb{}\u00a0\u00bb custom_css_main_element_last_edited=\u00a0\u00bbon|phone\u00a0\u00bb custom_css_main_element_phone=\u00a0\u00bbbackground-position: right -2em center!important;\u00a0\u00bb custom_css_main_element_tablet=\u00a0\u00bbbackground-position: right -2em center!important;||\u00a0\u00bb da_is_popup=\u00a0\u00bboff\u00a0\u00bb da_exit_intent=\u00a0\u00bboff\u00a0\u00bb da_has_close=\u00a0\u00bbon\u00a0\u00bb da_alt_close=\u00a0\u00bboff\u00a0\u00bb da_dark_close=\u00a0\u00bboff\u00a0\u00bb da_not_modal=\u00a0\u00bbon\u00a0\u00bb da_is_singular=\u00a0\u00bboff\u00a0\u00bb da_with_loader=\u00a0\u00bboff\u00a0\u00bb da_has_shadow=\u00a0\u00bbon\u00a0\u00bb][et_pb_row column_structure=\u00a0\u00bb1_2,1_2&Prime; _builder_version=\u00a0\u00bb4.19.2&Prime; _module_preset=\u00a0\u00bbdefault\u00a0\u00bb global_colors_info=\u00a0\u00bb{}\u00a0\u00bb][et_pb_column type=\u00a0\u00bb1_2&Prime; _builder_version=\u00a0\u00bb4.19.2&Prime; _module_preset=\u00a0\u00bbdefault\u00a0\u00bb global_colors_info=\u00a0\u00bb{}\u00a0\u00bb][et_pb_image src=\u00a0\u00bbhttps:\/\/www.zoo-bordeaux-pessac.com\/public\/wp-content\/uploads\/2021\/11\/Stephane-Adam-DSC_4106-1800.jpg\u00a0\u00bb alt=\u00a0\u00bbZoo de bordeaux Pessac @Stephane Adam\u00a0\u00bb title_text=\u00a0\u00bbZoo de bordeaux Pessac @Stephane Adam\u00a0\u00bb _builder_version=\u00a0\u00bb4.19.4&Prime; _module_preset=\u00a0\u00bbdefault\u00a0\u00bb global_colors_info=\u00a0\u00bb{}\u00a0\u00bb][\/et_pb_image][\/et_pb_column][et_pb_column type=\u00a0\u00bb1_2&Prime; _builder_version=\u00a0\u00bb4.19.2&Prime; _module_preset=\u00a0\u00bbdefault\u00a0\u00bb global_colors_info=\u00a0\u00bb{}\u00a0\u00bb][et_pb_text _builder_version=\u00a0\u00bb4.21.0&Prime; _module_preset=\u00a0\u00bbdefault\u00a0\u00bb text_font=\u00a0\u00bbProxima Nova Regular||||||||\u00a0\u00bb text_text_color=\u00a0\u00bb#000000&Prime; text_font_size=\u00a0\u00bb20px\u00a0\u00bb min_height=\u00a0\u00bb261.6px\u00a0\u00bb global_colors_info=\u00a0\u00bb{}\u00a0\u00bb]<\/p>\n<h3 data-start=\"122\" data-end=\"148\"><strong data-start=\"126\" data-end=\"146\">Le saviez-vous ?<\/strong><\/h3>\n<p data-start=\"149\" data-end=\"434\">On reconna\u00eet le <strong data-start=\"165\" data-end=\"176\">gu\u00e9pard<\/strong> \u00e0 ses <strong data-start=\"183\" data-end=\"195\">larmiers<\/strong>, ces bandes noires en forme de larmes descendant de ses yeux jusqu\u2019aux l\u00e8vres.<br data-start=\"274\" data-end=\"277\" \/>Elles ne sont pas seulement esth\u00e9tiques : elles agissent comme une <strong data-start=\"344\" data-end=\"392\">protection contre la r\u00e9verb\u00e9ration du soleil<\/strong>, un peu comme des lunettes naturelles !<\/p>\n<h3 data-start=\"436\" data-end=\"486\"><strong data-start=\"440\" data-end=\"484\">Caract\u00e9ristiques, mode de vie et habitat<\/strong><\/h3>\n<p data-start=\"487\" data-end=\"1010\">Le gu\u00e9pard vit principalement dans les <strong data-start=\"526\" data-end=\"566\">zones s\u00e8ches d\u2019Afrique subsaharienne<\/strong>, \u00e0 proximit\u00e9 des for\u00eats claires et des zones herbeuses.<br data-start=\"622\" data-end=\"625\" \/>Avec sa <strong data-start=\"633\" data-end=\"663\">silhouette fine et \u00e9lanc\u00e9e<\/strong>, ses <strong data-start=\"669\" data-end=\"687\">pattes longues<\/strong> et sa <strong data-start=\"694\" data-end=\"723\">colonne vert\u00e9brale souple<\/strong>, il est taill\u00e9 pour la vitesse.<br data-start=\"755\" data-end=\"758\" \/>C\u2019est d\u2019ailleurs le <strong data-start=\"778\" data-end=\"825\">mammif\u00e8re terrestre le plus rapide au monde<\/strong>, capable d\u2019atteindre jusqu\u2019\u00e0 <strong data-start=\"855\" data-end=\"892\">100 km\/h sur de courtes distances<\/strong> !<br data-start=\"894\" data-end=\"897\" \/>Mais cette performance a un prix : le gu\u00e9pard <strong data-start=\"943\" data-end=\"968\" data-is-only-node=\"\">s\u2019essouffle tr\u00e8s vite<\/strong> et doit se reposer apr\u00e8s chaque chasse.<\/p>\n<h3 data-start=\"1012\" data-end=\"1049\"><strong data-start=\"1016\" data-end=\"1047\">Pourquoi sont-ils menac\u00e9s ?<\/strong><\/h3>\n<p data-start=\"1050\" data-end=\"1531\"><strong data-start=\"1050\" data-end=\"1078\">Statut UICN : Vuln\u00e9rable<\/strong><br data-start=\"1078\" data-end=\"1081\" \/>Le gu\u00e9pard est menac\u00e9 par la <strong data-start=\"1110\" data-end=\"1134\">perte de son habitat<\/strong>, la <strong data-start=\"1139\" data-end=\"1178\">r\u00e9duction des populations de proies<\/strong>, ainsi que par la <strong data-start=\"1197\" data-end=\"1244\">concurrence avec d\u2019autres grands carnivores<\/strong> comme le lion ou la hy\u00e8ne.<br data-start=\"1271\" data-end=\"1274\" \/>Il est \u00e9galement victime de la <strong data-start=\"1305\" data-end=\"1326\">chasse au troph\u00e9e<\/strong> et parfois tu\u00e9 par les \u00e9leveurs, car il s\u2019attaque au b\u00e9tail.<br data-start=\"1387\" data-end=\"1390\" \/>Sa population est en <strong data-start=\"1411\" data-end=\"1426\">fort d\u00e9clin<\/strong> : on comptait environ <strong data-start=\"1449\" data-end=\"1490\">15 000 individus dans les ann\u00e9es 1970<\/strong>, contre <strong data-start=\"1499\" data-end=\"1528\" data-is-only-node=\"\">6 500 adultes aujourd\u2019hui<\/strong>.<\/p>\n<h3 data-start=\"1533\" data-end=\"1585\"><strong data-start=\"1537\" data-end=\"1583\">Comment agir pour pr\u00e9server les gu\u00e9pards ?<\/strong><\/h3>\n<p data-start=\"1586\" data-end=\"1787\">Vous pouvez contribuer \u00e0 leur protection en soutenant des organisations comme <strong data-start=\"1664\" data-end=\"1708\"><a data-start=\"1666\" data-end=\"1706\" class=\"decorated-link\" rel=\"noopener\" target=\"_new\" href=\"https:\/\/www.panthera.org\/\">Panthera.org<span aria-hidden=\"true\" class=\"ms-0.5 inline-block align-middle leading-none\"><svg width=\"20\" height=\"20\" viewbox=\"0 0 20 20\" fill=\"currentColor\" xmlns=\"http:\/\/www.w3.org\/2000\/svg\" data-rtl-flip=\"\" class=\"block h-[0.75em] w-[0.75em] stroke-current stroke-[0.75]\"><path d=\"M14.3349 13.3301V6.60645L5.47065 15.4707C5.21095 15.7304 4.78895 15.7304 4.52925 15.4707C4.26955 15.211 4.26955 14.789 4.52925 14.5293L13.3935 5.66504H6.66011C6.29284 5.66504 5.99507 5.36727 5.99507 5C5.99507 4.63273 6.29284 4.33496 6.66011 4.33496H14.9999L15.1337 4.34863C15.4369 4.41057 15.665 4.67857 15.665 5V13.3301C15.6649 13.6973 15.3672 13.9951 14.9999 13.9951C14.6327 13.9951 14.335 13.6973 14.3349 13.3301Z\"><\/path><\/svg><\/span><\/a><\/strong>, qui \u0153uvrent \u00e0 la <strong data-start=\"1727\" data-end=\"1784\">pr\u00e9servation des f\u00e9lins sauvages et de leurs habitats<\/strong>.<\/p>\n<p>[\/et_pb_text][\/et_pb_column][\/et_pb_row][et_pb_row _builder_version=\u00a0\u00bb4.27.4&Prime; _module_preset=\u00a0\u00bbdefault\u00a0\u00bb min_height=\u00a0\u00bb580.2px\u00a0\u00bb custom_margin=\u00a0\u00bb|auto|-459px|auto|false|false\u00a0\u00bb custom_padding=\u00a0\u00bb0px||0px|||\u00a0\u00bb hover_enabled=\u00a0\u00bb0&Prime; global_colors_info=\u00a0\u00bb{}\u00a0\u00bb sticky_enabled=\u00a0\u00bb0&Prime;][et_pb_column type=\u00a0\u00bb4_4&Prime; _builder_version=\u00a0\u00bb4.16&Prime; _module_preset=\u00a0\u00bbdefault\u00a0\u00bb global_colors_info=\u00a0\u00bb{}\u00a0\u00bb][et_pb_button button_url=\u00a0\u00bbhttps:\/\/panthera.org\/\u00a0\u00bb button_text=\u00a0\u00bbPour aider \u00e0 la pr\u00e9servation des gu\u00e9pards\u00a0\u00bb button_alignment=\u00a0\u00bbcenter\u00a0\u00bb _builder_version=\u00a0\u00bb4.21.0&Prime; _module_preset=\u00a0\u00bbdefault\u00a0\u00bb custom_button=\u00a0\u00bbon\u00a0\u00bb button_text_color=\u00a0\u00bb#FFFFFF\u00a0\u00bb button_bg_color=\u00a0\u00bb#E09900&Prime; global_colors_info=\u00a0\u00bb{}\u00a0\u00bb][\/et_pb_button][\/et_pb_column][\/et_pb_row][\/et_pb_section]<\/p>\n","protected":false},"excerpt":{"rendered":"<p>Agir : l&rsquo;histoire et les missions du Zoo de Bordeaux Pessac&#8230;<\/p>\n","protected":false},"author":4,"featured_media":2026,"parent":0,"menu_order":0,"comment_status":"closed","ping_status":"closed","template":"","meta":{"_et_pb_use_builder":"on","_et_pb_old_content":"","_et_gb_content_width":"","content-type":"","footnotes":""},"class_list":["post-2194","page","type-page","status-publish","has-post-thumbnail","hentry"],"_links":{"self":[{"href":"https:\/\/www.zoo-bordeaux-pessac.com\/public\/wp-json\/wp\/v2\/pages\/2194","targetHints":{"allow":["GET"]}}],"collection":[{"href":"https:\/\/www.zoo-bordeaux-pessac.com\/public\/wp-json\/wp\/v2\/pages"}],"about":[{"href":"https:\/\/www.zoo-bordeaux-pessac.com\/public\/wp-json\/wp\/v2\/types\/page"}],"author":[{"embeddable":true,"href":"https:\/\/www.zoo-bordeaux-pessac.com\/public\/wp-json\/wp\/v2\/users\/4"}],"replies":[{"embeddable":true,"href":"https:\/\/www.zoo-bordeaux-pessac.com\/public\/wp-json\/wp\/v2\/comments?post=2194"}],"version-history":[{"count":6,"href":"https:\/\/www.zoo-bordeaux-pessac.com\/public\/wp-json\/wp\/v2\/pages\/2194\/revisions"}],"predecessor-version":[{"id":17432,"href":"https:\/\/www.zoo-bordeaux-pessac.com\/public\/wp-json\/wp\/v2\/pages\/2194\/revisions\/17432"}],"wp:featuredmedia":[{"embeddable":true,"href":"https:\/\/www.zoo-bordeaux-pessac.com\/public\/wp-json\/wp\/v2\/media\/2026"}],"wp:attachment":[{"href":"https:\/\/www.zoo-bordeaux-pessac.com\/public\/wp-json\/wp\/v2\/media?parent=2194"}],"curies":[{"name":"wp","href":"https:\/\/api.w.org\/{rel}","templated":true}]}}