{"id":2199,"date":"2022-12-23T15:42:06","date_gmt":"2022-12-23T14:42:06","guid":{"rendered":"https:\/\/www.zoo-bordeaux-pessac.com\/public\/?page_id=2199"},"modified":"2025-10-30T15:34:06","modified_gmt":"2025-10-30T14:34:06","slug":"girafe","status":"publish","type":"page","link":"https:\/\/www.zoo-bordeaux-pessac.com\/public\/girafe\/","title":{"rendered":"Girafe"},"content":{"rendered":"<p>[et_pb_section fb_built=\u00a0\u00bb1&Prime; admin_label=\u00a0\u00bbSection\u00a0\u00bb _builder_version=\u00a0\u00bb4.16&Prime; _module_preset=\u00a0\u00bbdefault\u00a0\u00bb background_color=\u00a0\u00bb#f0a136&Prime; background_image=\u00a0\u00bbhttps:\/\/www.zoo-bordeaux-pessac.com\/public\/wp-content\/uploads\/2021\/05\/feuillagePalmier-2.svg\u00a0\u00bb background_size=\u00a0\u00bbinitial\u00a0\u00bb background_position=\u00a0\u00bbcenter_left\u00a0\u00bb min_height=\u00a0\u00bb280.8px\u00a0\u00bb custom_margin=\u00a0\u00bb||-75px|||\u00a0\u00bb custom_css_main_element=\u00a0\u00bbbackground-position: left -38.2em center!important;\u00a0\u00bb da_disable_devices=\u00a0\u00bboff|off|off\u00a0\u00bb locked=\u00a0\u00bboff\u00a0\u00bb global_colors_info=\u00a0\u00bb{}\u00a0\u00bb custom_css_main_element_last_edited=\u00a0\u00bbon|desktop\u00a0\u00bb custom_css_main_element_tablet=\u00a0\u00bbbackground-position: left -38.2em top -25em!important;\u00a0\u00bb custom_css_main_element_phone=\u00a0\u00bbbackground-position: left -38.2em top -20em!important;\u00a0\u00bb da_is_popup=\u00a0\u00bboff\u00a0\u00bb da_exit_intent=\u00a0\u00bboff\u00a0\u00bb da_has_close=\u00a0\u00bbon\u00a0\u00bb da_alt_close=\u00a0\u00bboff\u00a0\u00bb da_dark_close=\u00a0\u00bboff\u00a0\u00bb da_not_modal=\u00a0\u00bbon\u00a0\u00bb da_is_singular=\u00a0\u00bboff\u00a0\u00bb da_with_loader=\u00a0\u00bboff\u00a0\u00bb da_has_shadow=\u00a0\u00bbon\u00a0\u00bb][et_pb_row disabled_on=\u00a0\u00bboff|off|off\u00a0\u00bb _builder_version=\u00a0\u00bb4.16&Prime; _module_preset=\u00a0\u00bbdefault\u00a0\u00bb min_height=\u00a0\u00bb217.8px\u00a0\u00bb custom_margin=\u00a0\u00bb5em||||false|false\u00a0\u00bb custom_margin_tablet=\u00a0\u00bb\u00a0\u00bb custom_margin_phone=\u00a0\u00bb10em||||false|false\u00a0\u00bb custom_margin_last_edited=\u00a0\u00bbon|phone\u00a0\u00bb global_colors_info=\u00a0\u00bb{}\u00a0\u00bb][et_pb_column type=\u00a0\u00bb4_4&Prime; _builder_version=\u00a0\u00bb4.16&Prime; _module_preset=\u00a0\u00bbdefault\u00a0\u00bb global_colors_info=\u00a0\u00bb{}\u00a0\u00bb][et_pb_text _builder_version=\u00a0\u00bb4.19.4&Prime; _module_preset=\u00a0\u00bbdefault\u00a0\u00bb header_font=\u00a0\u00bbRecoleta Bold|800|||||||\u00a0\u00bb header_text_align=\u00a0\u00bbcenter\u00a0\u00bb header_font_size=\u00a0\u00bb100px\u00a0\u00bb background_layout=\u00a0\u00bbdark\u00a0\u00bb header_font_size_tablet=\u00a0\u00bb80px\u00a0\u00bb header_font_size_phone=\u00a0\u00bb40px\u00a0\u00bb header_font_size_last_edited=\u00a0\u00bbon|desktop\u00a0\u00bb global_colors_info=\u00a0\u00bb{}\u00a0\u00bb]<\/p>\n<h1>Girafe<\/h1>\n<h2 style=\"text-align: center;\">Giraffa camelopardalis\u00a0<\/h2>\n<p>[\/et_pb_text][\/et_pb_column][\/et_pb_row][\/et_pb_section][et_pb_section fb_built=\u00a0\u00bb1&Prime; admin_label=\u00a0\u00bbSection\u00a0\u00bb module_id=\u00a0\u00bbhistoire\u00a0\u00bb _builder_version=\u00a0\u00bb4.19.2&Prime; _module_preset=\u00a0\u00bbdefault\u00a0\u00bb background_image=\u00a0\u00bbhttps:\/\/www.zoo-bordeaux-pessac.com\/public\/wp-content\/uploads\/2021\/05\/feuillagePlume-3.svg\u00a0\u00bb background_size=\u00a0\u00bbinitial\u00a0\u00bb background_position=\u00a0\u00bbcenter_right\u00a0\u00bb custom_padding=\u00a0\u00bb0px|||||\u00a0\u00bb custom_css_main_element=\u00a0\u00bbbackground-position: right -2em center!important;||\u00a0\u00bb da_popup_slug=\u00a0\u00bbhistoire\u00a0\u00bb da_disable_devices=\u00a0\u00bboff|off|off\u00a0\u00bb locked=\u00a0\u00bboff\u00a0\u00bb global_colors_info=\u00a0\u00bb{}\u00a0\u00bb custom_css_main_element_last_edited=\u00a0\u00bbon|phone\u00a0\u00bb custom_css_main_element_phone=\u00a0\u00bbbackground-position: right -2em center!important;\u00a0\u00bb custom_css_main_element_tablet=\u00a0\u00bbbackground-position: right -2em center!important;||\u00a0\u00bb da_is_popup=\u00a0\u00bboff\u00a0\u00bb da_exit_intent=\u00a0\u00bboff\u00a0\u00bb da_has_close=\u00a0\u00bbon\u00a0\u00bb da_alt_close=\u00a0\u00bboff\u00a0\u00bb da_dark_close=\u00a0\u00bboff\u00a0\u00bb da_not_modal=\u00a0\u00bbon\u00a0\u00bb da_is_singular=\u00a0\u00bboff\u00a0\u00bb da_with_loader=\u00a0\u00bboff\u00a0\u00bb da_has_shadow=\u00a0\u00bbon\u00a0\u00bb][et_pb_row column_structure=\u00a0\u00bb1_2,1_2&Prime; _builder_version=\u00a0\u00bb4.19.2&Prime; _module_preset=\u00a0\u00bbdefault\u00a0\u00bb global_colors_info=\u00a0\u00bb{}\u00a0\u00bb][et_pb_column type=\u00a0\u00bb1_2&Prime; _builder_version=\u00a0\u00bb4.19.2&Prime; _module_preset=\u00a0\u00bbdefault\u00a0\u00bb global_colors_info=\u00a0\u00bb{}\u00a0\u00bb][et_pb_image src=\u00a0\u00bbhttps:\/\/www.zoo-bordeaux-pessac.com\/public\/wp-content\/uploads\/2025\/10\/DSC_1335-rev1-scaled.jpg\u00a0\u00bb alt=\u00a0\u00bbgirafe\u00a0\u00bb title_text=\u00a0\u00bbDSC_1335 rev1&Prime; _builder_version=\u00a0\u00bb4.27.4&Prime; _module_preset=\u00a0\u00bbdefault\u00a0\u00bb hover_enabled=\u00a0\u00bb0&Prime; global_colors_info=\u00a0\u00bb{}\u00a0\u00bb sticky_enabled=\u00a0\u00bb0&Prime;][\/et_pb_image][\/et_pb_column][et_pb_column type=\u00a0\u00bb1_2&Prime; _builder_version=\u00a0\u00bb4.19.2&Prime; _module_preset=\u00a0\u00bbdefault\u00a0\u00bb global_colors_info=\u00a0\u00bb{}\u00a0\u00bb][et_pb_text _builder_version=\u00a0\u00bb4.21.0&Prime; _module_preset=\u00a0\u00bbdefault\u00a0\u00bb text_font=\u00a0\u00bbProxima Nova Regular||||||||\u00a0\u00bb text_text_color=\u00a0\u00bb#000000&Prime; text_font_size=\u00a0\u00bb20px\u00a0\u00bb min_height=\u00a0\u00bb261.6px\u00a0\u00bb global_colors_info=\u00a0\u00bb{}\u00a0\u00bb]<\/p>\n<h3 data-start=\"282\" data-end=\"308\"><strong data-start=\"286\" data-end=\"306\">Le saviez-vous ?<\/strong><\/h3>\n<p data-start=\"309\" data-end=\"801\">Pas facile pour une <strong data-start=\"329\" data-end=\"339\">girafe<\/strong> de boire ! Pour atteindre un point d\u2019eau, elle doit <strong data-start=\"392\" data-end=\"431\">\u00e9carter largement ses quatre pattes<\/strong> et <strong data-start=\"435\" data-end=\"459\">baisser son long cou<\/strong>, une position qui la rend <strong data-start=\"486\" data-end=\"525\">tr\u00e8s vuln\u00e9rable face aux pr\u00e9dateurs<\/strong>.<br data-start=\"526\" data-end=\"529\" \/>Heureusement, elle s\u2019hydrate principalement gr\u00e2ce \u00e0 la <strong data-start=\"584\" data-end=\"598\">v\u00e9g\u00e9tation<\/strong> qu\u2019elle consomme : les feuilles d\u2019acacia, riches en eau, lui suffisent souvent.<br data-start=\"678\" data-end=\"681\" \/>Une girafe mange <strong data-start=\"698\" data-end=\"737\">environ 35 kg de feuillage par jour<\/strong>, une activit\u00e9 qui occupe <strong data-start=\"763\" data-end=\"797\">la majeure partie de son temps<\/strong> !<\/p>\n<h3 data-start=\"803\" data-end=\"853\"><strong data-start=\"807\" data-end=\"851\">Caract\u00e9ristiques, mode de vie et habitat<\/strong><\/h3>\n<p data-start=\"854\" data-end=\"1086\">Symbole de la <strong data-start=\"868\" data-end=\"888\">savane africaine<\/strong>, la girafe est reconnaissable \u00e0 son <strong data-start=\"925\" data-end=\"946\">cou de 2,5 m\u00e8tres<\/strong> et \u00e0 son pelage tachet\u00e9.<br data-start=\"971\" data-end=\"974\" \/>Ces <strong data-start=\"978\" data-end=\"1014\">motifs uniques \u00e0 chaque individu<\/strong> permettent d\u2019identifier les <strong data-start=\"1043\" data-end=\"1064\">neuf sous-esp\u00e8ces<\/strong> de girafes connues.<\/p>\n<p data-start=\"1088\" data-end=\"1342\">Comme les autres <strong data-start=\"1105\" data-end=\"1118\">ruminants<\/strong>, elle poss\u00e8de <strong data-start=\"1133\" data-end=\"1152\">quatre estomacs<\/strong> et passe pr\u00e8s de <strong data-start=\"1170\" data-end=\"1206\">12 heures par jour \u00e0 s\u2019alimenter<\/strong>.<br data-start=\"1207\" data-end=\"1210\" \/>Son repos est tr\u00e8s court : elle ne dort que <strong data-start=\"1254\" data-end=\"1279\">2 \u00e0 4 heures par jour<\/strong>, souvent en <strong data-start=\"1292\" data-end=\"1309\">micro-siestes<\/strong> de quelques minutes seulement.<\/p>\n<h3 data-start=\"1344\" data-end=\"1368\"><strong data-start=\"1348\" data-end=\"1366\">Elisa et Elina<\/strong><\/h3>\n<p data-start=\"1369\" data-end=\"1721\"><strong data-start=\"1369\" data-end=\"1378\">Elisa<\/strong> est arriv\u00e9e au Zoo de Bordeaux Pessac en <strong data-start=\"1420\" data-end=\"1428\">2005<\/strong>, en provenance du <strong data-start=\"1447\" data-end=\"1467\">Zoo de La Fl\u00e8che<\/strong>.<br data-start=\"1468\" data-end=\"1471\" \/>Peu apr\u00e8s son arriv\u00e9e, elle a donn\u00e9 naissance \u00e0 <strong data-start=\"1519\" data-end=\"1528\">Elina<\/strong> en <strong data-start=\"1532\" data-end=\"1549\">d\u00e9cembre 2005<\/strong>.<br data-start=\"1550\" data-end=\"1553\" \/>Aujourd\u2019hui, <strong data-start=\"1566\" data-end=\"1583\">m\u00e8re et fille<\/strong> vivent toujours ensemble dans <strong data-start=\"1614\" data-end=\"1639\">l\u2019enclos de la savane<\/strong>, aux c\u00f4t\u00e9s de leurs compagnons : <strong data-start=\"1673\" data-end=\"1718\">z\u00e8bres, autruches, grues royales et cobes<\/strong>.<\/p>\n<h3 data-start=\"1723\" data-end=\"1763\"><strong data-start=\"1727\" data-end=\"1761\">Pourquoi sont-elles menac\u00e9es ?<\/strong><\/h3>\n<p data-start=\"1764\" data-end=\"2258\"><strong data-start=\"1764\" data-end=\"1792\">Statut UICN : Vuln\u00e9rable<\/strong><br data-start=\"1792\" data-end=\"1795\" \/>Entre <strong data-start=\"1801\" data-end=\"1817\">1985 et 2015<\/strong>, les populations de girafes ont chut\u00e9 de <strong data-start=\"1859\" data-end=\"1875\">pr\u00e8s de 40 %<\/strong> en Afrique.<br data-start=\"1887\" data-end=\"1890\" \/>La <strong data-start=\"1893\" data-end=\"1918\">perte de leur habitat<\/strong> est la principale cause de ce d\u00e9clin : <strong data-start=\"1958\" data-end=\"1975\">d\u00e9forestation<\/strong>, <strong data-start=\"1977\" data-end=\"1999\">expansion agricole<\/strong>, <strong data-start=\"2001\" data-end=\"2029\">croissance d\u00e9mographique<\/strong> et <strong data-start=\"2033\" data-end=\"2049\">urbanisation<\/strong> fragilisent leur environnement.<br data-start=\"2081\" data-end=\"2084\" \/>S\u2019ajoutent la <strong data-start=\"2098\" data-end=\"2117\" data-is-only-node=\"\">chasse ill\u00e9gale<\/strong>, les <strong data-start=\"2123\" data-end=\"2141\">conflits arm\u00e9s<\/strong> et les <strong data-start=\"2149\" data-end=\"2176\">changements climatiques<\/strong>, qui rendent la <strong data-start=\"2193\" data-end=\"2214\">savane plus aride<\/strong> et r\u00e9duisent leurs ressources naturelles.<\/p>\n<p>[\/et_pb_text][\/et_pb_column][\/et_pb_row][et_pb_row _builder_version=\u00a0\u00bb4.27.4&Prime; _module_preset=\u00a0\u00bbdefault\u00a0\u00bb min_height=\u00a0\u00bb580.2px\u00a0\u00bb custom_margin=\u00a0\u00bb|auto|-483px|auto|false|false\u00a0\u00bb custom_padding=\u00a0\u00bb0px||0px|||\u00a0\u00bb hover_enabled=\u00a0\u00bb0&Prime; global_colors_info=\u00a0\u00bb{}\u00a0\u00bb sticky_enabled=\u00a0\u00bb0&Prime;][et_pb_column type=\u00a0\u00bb4_4&Prime; _builder_version=\u00a0\u00bb4.16&Prime; _module_preset=\u00a0\u00bbdefault\u00a0\u00bb global_colors_info=\u00a0\u00bb{}\u00a0\u00bb][et_pb_text _builder_version=\u00a0\u00bb4.19.4&Prime; _module_preset=\u00a0\u00bbdefault\u00a0\u00bb text_font=\u00a0\u00bbProxima Nova Regular||||||||\u00a0\u00bb text_text_color=\u00a0\u00bb#000000&Prime; text_font_size=\u00a0\u00bb20px\u00a0\u00bb min_height=\u00a0\u00bb72.6px\u00a0\u00bb global_colors_info=\u00a0\u00bb{}\u00a0\u00bb]<\/p>\n<h2><strong>Comment agir pour pr\u00e9server les girafes ?<\/strong><\/h2>\n<p style=\"text-align: justify;\">Pour participer \u00e0 la sauvegarde de cette esp\u00e8ce, vous pouvez soutenir l\u2019association giraffeconservation<\/p>\n<p>[\/et_pb_text][\/et_pb_column][\/et_pb_row][et_pb_row _builder_version=\u00a0\u00bb4.19.2&Prime; _module_preset=\u00a0\u00bbdefault\u00a0\u00bb min_height=\u00a0\u00bb199.3px\u00a0\u00bb custom_padding=\u00a0\u00bb3px|||||\u00a0\u00bb global_colors_info=\u00a0\u00bb{}\u00a0\u00bb][et_pb_column type=\u00a0\u00bb4_4&Prime; _builder_version=\u00a0\u00bb4.19.2&Prime; _module_preset=\u00a0\u00bbdefault\u00a0\u00bb global_colors_info=\u00a0\u00bb{}\u00a0\u00bb][et_pb_button button_url=\u00a0\u00bbhttps:\/\/giraffeconservation.org\/%20&Prime; button_text=\u00a0\u00bbPour en savoir plus sur Giraffeconservation.org\u00a0\u00bb button_alignment=\u00a0\u00bbcenter\u00a0\u00bb _builder_version=\u00a0\u00bb4.21.0&Prime; _module_preset=\u00a0\u00bbdefault\u00a0\u00bb custom_button=\u00a0\u00bbon\u00a0\u00bb button_text_color=\u00a0\u00bb#FFFFFF\u00a0\u00bb button_bg_color=\u00a0\u00bb#efa34f\u00a0\u00bb button_use_icon=\u00a0\u00bboff\u00a0\u00bb animation_style=\u00a0\u00bbslide\u00a0\u00bb animation_repeat=\u00a0\u00bbloop\u00a0\u00bb global_colors_info=\u00a0\u00bb{}\u00a0\u00bb][\/et_pb_button][\/et_pb_column][\/et_pb_row][\/et_pb_section]<\/p>\n","protected":false},"excerpt":{"rendered":"<p>Agir : l&rsquo;histoire et les missions du Zoo de Bordeaux Pessac&#8230;<\/p>\n","protected":false},"author":4,"featured_media":2026,"parent":0,"menu_order":0,"comment_status":"closed","ping_status":"closed","template":"","meta":{"_et_pb_use_builder":"on","_et_pb_old_content":"","_et_gb_content_width":"","content-type":"","footnotes":""},"class_list":["post-2199","page","type-page","status-publish","has-post-thumbnail","hentry"],"_links":{"self":[{"href":"https:\/\/www.zoo-bordeaux-pessac.com\/public\/wp-json\/wp\/v2\/pages\/2199","targetHints":{"allow":["GET"]}}],"collection":[{"href":"https:\/\/www.zoo-bordeaux-pessac.com\/public\/wp-json\/wp\/v2\/pages"}],"about":[{"href":"https:\/\/www.zoo-bordeaux-pessac.com\/public\/wp-json\/wp\/v2\/types\/page"}],"author":[{"embeddable":true,"href":"https:\/\/www.zoo-bordeaux-pessac.com\/public\/wp-json\/wp\/v2\/users\/4"}],"replies":[{"embeddable":true,"href":"https:\/\/www.zoo-bordeaux-pessac.com\/public\/wp-json\/wp\/v2\/comments?post=2199"}],"version-history":[{"count":7,"href":"https:\/\/www.zoo-bordeaux-pessac.com\/public\/wp-json\/wp\/v2\/pages\/2199\/revisions"}],"predecessor-version":[{"id":17420,"href":"https:\/\/www.zoo-bordeaux-pessac.com\/public\/wp-json\/wp\/v2\/pages\/2199\/revisions\/17420"}],"wp:featuredmedia":[{"embeddable":true,"href":"https:\/\/www.zoo-bordeaux-pessac.com\/public\/wp-json\/wp\/v2\/media\/2026"}],"wp:attachment":[{"href":"https:\/\/www.zoo-bordeaux-pessac.com\/public\/wp-json\/wp\/v2\/media?parent=2199"}],"curies":[{"name":"wp","href":"https:\/\/api.w.org\/{rel}","templated":true}]}}