{"id":2251,"date":"2022-12-26T14:22:10","date_gmt":"2022-12-26T13:22:10","guid":{"rendered":"https:\/\/www.zoo-bordeaux-pessac.com\/public\/?page_id=2251"},"modified":"2025-10-30T14:49:36","modified_gmt":"2025-10-30T13:49:36","slug":"agouti-dazara","status":"publish","type":"page","link":"https:\/\/www.zoo-bordeaux-pessac.com\/public\/agouti-dazara\/","title":{"rendered":"Agouti d&rsquo;Azara"},"content":{"rendered":"<p>[et_pb_section fb_built=\u00a0\u00bb1&Prime; admin_label=\u00a0\u00bbSection\u00a0\u00bb _builder_version=\u00a0\u00bb4.16&Prime; _module_preset=\u00a0\u00bbdefault\u00a0\u00bb background_color=\u00a0\u00bb#f0a136&Prime; background_image=\u00a0\u00bbhttps:\/\/www.zoo-bordeaux-pessac.com\/public\/wp-content\/uploads\/2021\/05\/feuillagePalmier-2.svg\u00a0\u00bb background_size=\u00a0\u00bbinitial\u00a0\u00bb background_position=\u00a0\u00bbcenter_left\u00a0\u00bb min_height=\u00a0\u00bb280.8px\u00a0\u00bb custom_margin=\u00a0\u00bb||-75px|||\u00a0\u00bb custom_css_main_element=\u00a0\u00bbbackground-position: left -38.2em center!important;\u00a0\u00bb da_disable_devices=\u00a0\u00bboff|off|off\u00a0\u00bb locked=\u00a0\u00bboff\u00a0\u00bb global_colors_info=\u00a0\u00bb{}\u00a0\u00bb custom_css_main_element_last_edited=\u00a0\u00bbon|desktop\u00a0\u00bb custom_css_main_element_tablet=\u00a0\u00bbbackground-position: left -38.2em top -25em!important;\u00a0\u00bb custom_css_main_element_phone=\u00a0\u00bbbackground-position: left -38.2em top -20em!important;\u00a0\u00bb da_is_popup=\u00a0\u00bboff\u00a0\u00bb da_exit_intent=\u00a0\u00bboff\u00a0\u00bb da_has_close=\u00a0\u00bbon\u00a0\u00bb da_alt_close=\u00a0\u00bboff\u00a0\u00bb da_dark_close=\u00a0\u00bboff\u00a0\u00bb da_not_modal=\u00a0\u00bbon\u00a0\u00bb da_is_singular=\u00a0\u00bboff\u00a0\u00bb da_with_loader=\u00a0\u00bboff\u00a0\u00bb da_has_shadow=\u00a0\u00bbon\u00a0\u00bb][et_pb_row disabled_on=\u00a0\u00bboff|off|off\u00a0\u00bb _builder_version=\u00a0\u00bb4.16&Prime; _module_preset=\u00a0\u00bbdefault\u00a0\u00bb min_height=\u00a0\u00bb217.8px\u00a0\u00bb custom_margin=\u00a0\u00bb5em||||false|false\u00a0\u00bb custom_margin_tablet=\u00a0\u00bb\u00a0\u00bb custom_margin_phone=\u00a0\u00bb10em||||false|false\u00a0\u00bb custom_margin_last_edited=\u00a0\u00bbon|phone\u00a0\u00bb global_colors_info=\u00a0\u00bb{}\u00a0\u00bb][et_pb_column type=\u00a0\u00bb4_4&Prime; _builder_version=\u00a0\u00bb4.16&Prime; _module_preset=\u00a0\u00bbdefault\u00a0\u00bb global_colors_info=\u00a0\u00bb{}\u00a0\u00bb][et_pb_text _builder_version=\u00a0\u00bb4.19.4&Prime; _module_preset=\u00a0\u00bbdefault\u00a0\u00bb header_font=\u00a0\u00bbRecoleta Bold|800|||||||\u00a0\u00bb header_text_align=\u00a0\u00bbcenter\u00a0\u00bb header_font_size=\u00a0\u00bb100px\u00a0\u00bb background_layout=\u00a0\u00bbdark\u00a0\u00bb header_font_size_tablet=\u00a0\u00bb80px\u00a0\u00bb header_font_size_phone=\u00a0\u00bb40px\u00a0\u00bb header_font_size_last_edited=\u00a0\u00bbon|desktop\u00a0\u00bb global_colors_info=\u00a0\u00bb{}\u00a0\u00bb]<\/p>\n<h1>Agouti d&rsquo;Azara<\/h1>\n<h2 style=\"text-align: center;\">Dasyprocta azarae<\/h2>\n<p>&nbsp;<\/p>\n<p>[\/et_pb_text][\/et_pb_column][\/et_pb_row][\/et_pb_section][et_pb_section fb_built=\u00a0\u00bb1&Prime; admin_label=\u00a0\u00bbSection\u00a0\u00bb module_id=\u00a0\u00bbhistoire\u00a0\u00bb _builder_version=\u00a0\u00bb4.19.2&Prime; _module_preset=\u00a0\u00bbdefault\u00a0\u00bb background_image=\u00a0\u00bbhttps:\/\/www.zoo-bordeaux-pessac.com\/public\/wp-content\/uploads\/2021\/05\/feuillagePlume-3.svg\u00a0\u00bb background_size=\u00a0\u00bbinitial\u00a0\u00bb background_position=\u00a0\u00bbcenter_right\u00a0\u00bb custom_padding=\u00a0\u00bb0px|||||\u00a0\u00bb custom_css_main_element=\u00a0\u00bbbackground-position: right -2em center!important;||\u00a0\u00bb da_popup_slug=\u00a0\u00bbhistoire\u00a0\u00bb da_disable_devices=\u00a0\u00bboff|off|off\u00a0\u00bb locked=\u00a0\u00bboff\u00a0\u00bb global_colors_info=\u00a0\u00bb{}\u00a0\u00bb custom_css_main_element_last_edited=\u00a0\u00bbon|phone\u00a0\u00bb custom_css_main_element_phone=\u00a0\u00bbbackground-position: right -2em center!important;\u00a0\u00bb custom_css_main_element_tablet=\u00a0\u00bbbackground-position: right -2em center!important;||\u00a0\u00bb da_is_popup=\u00a0\u00bboff\u00a0\u00bb da_exit_intent=\u00a0\u00bboff\u00a0\u00bb da_has_close=\u00a0\u00bbon\u00a0\u00bb da_alt_close=\u00a0\u00bboff\u00a0\u00bb da_dark_close=\u00a0\u00bboff\u00a0\u00bb da_not_modal=\u00a0\u00bbon\u00a0\u00bb da_is_singular=\u00a0\u00bboff\u00a0\u00bb da_with_loader=\u00a0\u00bboff\u00a0\u00bb da_has_shadow=\u00a0\u00bbon\u00a0\u00bb][et_pb_row column_structure=\u00a0\u00bb1_2,1_2&Prime; _builder_version=\u00a0\u00bb4.19.2&Prime; _module_preset=\u00a0\u00bbdefault\u00a0\u00bb min_height=\u00a0\u00bb900.8px\u00a0\u00bb custom_margin=\u00a0\u00bb|auto|-403px|auto||\u00a0\u00bb custom_padding=\u00a0\u00bb||0px|||\u00a0\u00bb global_colors_info=\u00a0\u00bb{}\u00a0\u00bb][et_pb_column type=\u00a0\u00bb1_2&Prime; _builder_version=\u00a0\u00bb4.19.2&Prime; _module_preset=\u00a0\u00bbdefault\u00a0\u00bb global_colors_info=\u00a0\u00bb{}\u00a0\u00bb][et_pb_image src=\u00a0\u00bbhttps:\/\/www.zoo-bordeaux-pessac.com\/public\/wp-content\/uploads\/2025\/10\/Zoo-Fotografik33-0030-scaled.jpg\u00a0\u00bb alt=\u00a0\u00bbagouti\u00a0\u00bb title_text=\u00a0\u00bbZoo Fotografik33-0030&Prime; _builder_version=\u00a0\u00bb4.27.4&Prime; _module_preset=\u00a0\u00bbdefault\u00a0\u00bb hover_enabled=\u00a0\u00bb0&Prime; global_colors_info=\u00a0\u00bb{}\u00a0\u00bb sticky_enabled=\u00a0\u00bb0&Prime;][\/et_pb_image][\/et_pb_column][et_pb_column type=\u00a0\u00bb1_2&Prime; _builder_version=\u00a0\u00bb4.19.2&Prime; _module_preset=\u00a0\u00bbdefault\u00a0\u00bb global_colors_info=\u00a0\u00bb{}\u00a0\u00bb][et_pb_text _builder_version=\u00a0\u00bb4.21.0&Prime; _module_preset=\u00a0\u00bbdefault\u00a0\u00bb text_font=\u00a0\u00bbProxima Nova Regular||||||||\u00a0\u00bb text_text_color=\u00a0\u00bb#000000&Prime; text_font_size=\u00a0\u00bb20px\u00a0\u00bb min_height=\u00a0\u00bb261.6px\u00a0\u00bb custom_padding=\u00a0\u00bb||0px|||\u00a0\u00bb hover_enabled=\u00a0\u00bb0&Prime; global_colors_info=\u00a0\u00bb{}\u00a0\u00bb sticky_enabled=\u00a0\u00bb0&Prime;]<\/p>\n<h2><strong>Le saviez-vous ?<\/strong><\/h2>\n<p style=\"text-align: justify;\"><span>Comme la plupart des rongeurs, <\/span><strong data-start=\"215\" data-end=\"247\">l\u2019agouti enterre des graines<\/strong><span> \u00e0 diff\u00e9rents endroits pour constituer ses r\u00e9serves de nourriture. Mais il lui arrive d\u2019en oublier une partie\u2026 Ce faisant, il <\/span><strong data-start=\"373\" data-end=\"425\">favorise naturellement la dispersion des plantes<\/strong><span> et contribue \u00e0 la <\/span><strong data-start=\"444\" data-end=\"482\">r\u00e9g\u00e9n\u00e9ration de la for\u00eat tropicale<\/strong><span>. C\u2019est pour cela qu\u2019on le surnomme <\/span><strong data-start=\"518\" data-end=\"549\">\u00ab le jardinier des for\u00eats \u00bb<\/strong><span>.<\/span><\/p>\n<p>[\/et_pb_text][\/et_pb_column][\/et_pb_row][et_pb_row _builder_version=\u00a0\u00bb4.27.4&Prime; _module_preset=\u00a0\u00bbdefault\u00a0\u00bb min_height=\u00a0\u00bb580.2px\u00a0\u00bb custom_margin=\u00a0\u00bb|auto|0px|auto|false|false\u00a0\u00bb custom_padding=\u00a0\u00bb0px||0px|||\u00a0\u00bb hover_enabled=\u00a0\u00bb0&Prime; global_colors_info=\u00a0\u00bb{}\u00a0\u00bb sticky_enabled=\u00a0\u00bb0&Prime;][et_pb_column type=\u00a0\u00bb4_4&Prime; _builder_version=\u00a0\u00bb4.16&Prime; _module_preset=\u00a0\u00bbdefault\u00a0\u00bb global_colors_info=\u00a0\u00bb{}\u00a0\u00bb][et_pb_text _builder_version=\u00a0\u00bb4.27.4&Prime; _module_preset=\u00a0\u00bbdefault\u00a0\u00bb text_font=\u00a0\u00bbProxima Nova Regular||||||||\u00a0\u00bb text_text_color=\u00a0\u00bb#000000&Prime; text_font_size=\u00a0\u00bb20px\u00a0\u00bb header_6_font=\u00a0\u00bbProxima Nova Regular|700|||||||\u00a0\u00bb header_6_font_size=\u00a0\u00bb20px\u00a0\u00bb link_option_url=\u00a0\u00bbhttps:\/\/www.iucn.org\/fr\u00a0\u00bb hover_enabled=\u00a0\u00bb0&Prime; global_colors_info=\u00a0\u00bb{}\u00a0\u00bb sticky_enabled=\u00a0\u00bb0&Prime; custom_margin_last_edited=\u00a0\u00bbon|phone\u00a0\u00bb custom_margin_phone=\u00a0\u00bb38px||||false|false\u00a0\u00bb]<\/p>\n<h2><strong>Caract\u00e9ristiques, mode de vie et habitat<\/strong><\/h2>\n<p data-start=\"605\" data-end=\"887\">L\u2019<strong data-start=\"607\" data-end=\"625\">agouti d\u2019Azara<\/strong> est un petit rongeur discret des <strong data-start=\"659\" data-end=\"688\">for\u00eats tropicales humides<\/strong> d\u2019Am\u00e9rique centrale et du nord de l\u2019Am\u00e9rique du Sud. Il se nourrit principalement des <strong data-start=\"775\" data-end=\"799\">fruits tomb\u00e9s au sol<\/strong>, jouant ainsi un <strong data-start=\"817\" data-end=\"846\">r\u00f4le \u00e9cologique essentiel<\/strong> dans l\u2019\u00e9quilibre de son environnement.<\/p>\n<p data-start=\"889\" data-end=\"1153\">Il creuse de <strong data-start=\"902\" data-end=\"921\">petits terriers<\/strong> autour des racines, sous les arbres ou les roches, pour s\u2019abriter des pr\u00e9dateurs. Tr\u00e8s m\u00e9fiant, il poss\u00e8de une <strong data-start=\"1033\" data-end=\"1063\">ou\u00efe particuli\u00e8rement fine<\/strong>, capable de rep\u00e9rer le bruit d\u2019un fruit tombant au sol \u00e0 plusieurs m\u00e8tres de distance !<\/p>\n<h2><strong>Pourquoi sont-ils menac\u00e9s ?<\/strong><\/h2>\n<p><span>Les donn\u00e9es sur l\u2019agouti d\u2019Azara restent limit\u00e9es, mais deux menaces majeures sont connues : <strong data-start=\"1286\" data-end=\"1306\">la d\u00e9forestation<\/strong>, qui d\u00e9truit son habitat naturel, et <strong data-start=\"1344\" data-end=\"1369\">la chasse alimentaire<\/strong>, encore fr\u00e9quente dans certaines r\u00e9gions \u00e0 forte densit\u00e9 humaine.e.<\/span><\/p>\n<p>[\/et_pb_text][\/et_pb_column][\/et_pb_row][\/et_pb_section]<\/p>\n","protected":false},"excerpt":{"rendered":"<p>Agir : l&rsquo;histoire et les missions du Zoo de Bordeaux Pessac&#8230;<\/p>\n","protected":false},"author":4,"featured_media":2026,"parent":0,"menu_order":0,"comment_status":"closed","ping_status":"closed","template":"","meta":{"_et_pb_use_builder":"on","_et_pb_old_content":"","_et_gb_content_width":"","content-type":"","footnotes":""},"class_list":["post-2251","page","type-page","status-publish","has-post-thumbnail","hentry"],"_links":{"self":[{"href":"https:\/\/www.zoo-bordeaux-pessac.com\/public\/wp-json\/wp\/v2\/pages\/2251","targetHints":{"allow":["GET"]}}],"collection":[{"href":"https:\/\/www.zoo-bordeaux-pessac.com\/public\/wp-json\/wp\/v2\/pages"}],"about":[{"href":"https:\/\/www.zoo-bordeaux-pessac.com\/public\/wp-json\/wp\/v2\/types\/page"}],"author":[{"embeddable":true,"href":"https:\/\/www.zoo-bordeaux-pessac.com\/public\/wp-json\/wp\/v2\/users\/4"}],"replies":[{"embeddable":true,"href":"https:\/\/www.zoo-bordeaux-pessac.com\/public\/wp-json\/wp\/v2\/comments?post=2251"}],"version-history":[{"count":8,"href":"https:\/\/www.zoo-bordeaux-pessac.com\/public\/wp-json\/wp\/v2\/pages\/2251\/revisions"}],"predecessor-version":[{"id":17355,"href":"https:\/\/www.zoo-bordeaux-pessac.com\/public\/wp-json\/wp\/v2\/pages\/2251\/revisions\/17355"}],"wp:featuredmedia":[{"embeddable":true,"href":"https:\/\/www.zoo-bordeaux-pessac.com\/public\/wp-json\/wp\/v2\/media\/2026"}],"wp:attachment":[{"href":"https:\/\/www.zoo-bordeaux-pessac.com\/public\/wp-json\/wp\/v2\/media?parent=2251"}],"curies":[{"name":"wp","href":"https:\/\/api.w.org\/{rel}","templated":true}]}}