{"id":2291,"date":"2023-01-04T16:22:35","date_gmt":"2023-01-04T15:22:35","guid":{"rendered":"https:\/\/www.zoo-bordeaux-pessac.com\/public\/?page_id=2291"},"modified":"2025-10-30T15:28:05","modified_gmt":"2025-10-30T14:28:05","slug":"gibbon","status":"publish","type":"page","link":"https:\/\/www.zoo-bordeaux-pessac.com\/public\/gibbon\/","title":{"rendered":"Gibbon"},"content":{"rendered":"<p>[et_pb_section fb_built=\u00a0\u00bb1&Prime; admin_label=\u00a0\u00bbSection\u00a0\u00bb _builder_version=\u00a0\u00bb4.16&Prime; _module_preset=\u00a0\u00bbdefault\u00a0\u00bb background_color=\u00a0\u00bb#f0a136&Prime; background_image=\u00a0\u00bbhttps:\/\/www.zoo-bordeaux-pessac.com\/public\/wp-content\/uploads\/2021\/05\/feuillagePalmier-2.svg\u00a0\u00bb background_size=\u00a0\u00bbinitial\u00a0\u00bb background_position=\u00a0\u00bbcenter_left\u00a0\u00bb min_height=\u00a0\u00bb280.8px\u00a0\u00bb custom_margin=\u00a0\u00bb||-75px|||\u00a0\u00bb custom_css_main_element=\u00a0\u00bbbackground-position: left -38.2em center!important;\u00a0\u00bb da_disable_devices=\u00a0\u00bboff|off|off\u00a0\u00bb locked=\u00a0\u00bboff\u00a0\u00bb global_colors_info=\u00a0\u00bb{}\u00a0\u00bb custom_css_main_element_last_edited=\u00a0\u00bbon|desktop\u00a0\u00bb custom_css_main_element_tablet=\u00a0\u00bbbackground-position: left -38.2em top -25em!important;\u00a0\u00bb custom_css_main_element_phone=\u00a0\u00bbbackground-position: left -38.2em top -20em!important;\u00a0\u00bb da_is_popup=\u00a0\u00bboff\u00a0\u00bb da_exit_intent=\u00a0\u00bboff\u00a0\u00bb da_has_close=\u00a0\u00bbon\u00a0\u00bb da_alt_close=\u00a0\u00bboff\u00a0\u00bb da_dark_close=\u00a0\u00bboff\u00a0\u00bb da_not_modal=\u00a0\u00bbon\u00a0\u00bb da_is_singular=\u00a0\u00bboff\u00a0\u00bb da_with_loader=\u00a0\u00bboff\u00a0\u00bb da_has_shadow=\u00a0\u00bbon\u00a0\u00bb][et_pb_row disabled_on=\u00a0\u00bboff|off|off\u00a0\u00bb _builder_version=\u00a0\u00bb4.16&Prime; _module_preset=\u00a0\u00bbdefault\u00a0\u00bb min_height=\u00a0\u00bb217.8px\u00a0\u00bb custom_margin=\u00a0\u00bb5em||||false|false\u00a0\u00bb custom_margin_tablet=\u00a0\u00bb\u00a0\u00bb custom_margin_phone=\u00a0\u00bb10em||||false|false\u00a0\u00bb custom_margin_last_edited=\u00a0\u00bbon|phone\u00a0\u00bb global_colors_info=\u00a0\u00bb{}\u00a0\u00bb][et_pb_column type=\u00a0\u00bb4_4&Prime; _builder_version=\u00a0\u00bb4.16&Prime; _module_preset=\u00a0\u00bbdefault\u00a0\u00bb global_colors_info=\u00a0\u00bb{}\u00a0\u00bb][et_pb_text _builder_version=\u00a0\u00bb4.19.4&Prime; _module_preset=\u00a0\u00bbdefault\u00a0\u00bb header_font=\u00a0\u00bbRecoleta Bold|800|||||||\u00a0\u00bb header_text_align=\u00a0\u00bbcenter\u00a0\u00bb header_font_size=\u00a0\u00bb100px\u00a0\u00bb background_layout=\u00a0\u00bbdark\u00a0\u00bb header_font_size_tablet=\u00a0\u00bb80px\u00a0\u00bb header_font_size_phone=\u00a0\u00bb40px\u00a0\u00bb header_font_size_last_edited=\u00a0\u00bbon|desktop\u00a0\u00bb global_colors_info=\u00a0\u00bb{}\u00a0\u00bb]<\/p>\n<h1>Gibbon \u00e0 mains blanches<\/h1>\n<h4 style=\"text-align: center;\">Hylobates Lar<o:p><\/o:p><\/h4>\n<p>&nbsp;<\/p>\n<p>[\/et_pb_text][\/et_pb_column][\/et_pb_row][\/et_pb_section][et_pb_section fb_built=\u00a0\u00bb1&Prime; admin_label=\u00a0\u00bbSection\u00a0\u00bb module_id=\u00a0\u00bbhistoire\u00a0\u00bb _builder_version=\u00a0\u00bb4.19.2&Prime; _module_preset=\u00a0\u00bbdefault\u00a0\u00bb background_image=\u00a0\u00bbhttps:\/\/www.zoo-bordeaux-pessac.com\/public\/wp-content\/uploads\/2021\/05\/feuillagePlume-3.svg\u00a0\u00bb background_size=\u00a0\u00bbinitial\u00a0\u00bb background_position=\u00a0\u00bbcenter_right\u00a0\u00bb custom_padding=\u00a0\u00bb0px|||||\u00a0\u00bb custom_css_main_element=\u00a0\u00bbbackground-position: right -2em center!important;||\u00a0\u00bb da_popup_slug=\u00a0\u00bbhistoire\u00a0\u00bb da_disable_devices=\u00a0\u00bboff|off|off\u00a0\u00bb locked=\u00a0\u00bboff\u00a0\u00bb global_colors_info=\u00a0\u00bb{}\u00a0\u00bb custom_css_main_element_last_edited=\u00a0\u00bbon|phone\u00a0\u00bb custom_css_main_element_phone=\u00a0\u00bbbackground-position: right -2em center!important;\u00a0\u00bb custom_css_main_element_tablet=\u00a0\u00bbbackground-position: right -2em center!important;||\u00a0\u00bb da_is_popup=\u00a0\u00bboff\u00a0\u00bb da_exit_intent=\u00a0\u00bboff\u00a0\u00bb da_has_close=\u00a0\u00bbon\u00a0\u00bb da_alt_close=\u00a0\u00bboff\u00a0\u00bb da_dark_close=\u00a0\u00bboff\u00a0\u00bb da_not_modal=\u00a0\u00bbon\u00a0\u00bb da_is_singular=\u00a0\u00bboff\u00a0\u00bb da_with_loader=\u00a0\u00bboff\u00a0\u00bb da_has_shadow=\u00a0\u00bbon\u00a0\u00bb][et_pb_row column_structure=\u00a0\u00bb1_2,1_2&Prime; _builder_version=\u00a0\u00bb4.19.2&Prime; _module_preset=\u00a0\u00bbdefault\u00a0\u00bb global_colors_info=\u00a0\u00bb{}\u00a0\u00bb][et_pb_column type=\u00a0\u00bb1_2&Prime; _builder_version=\u00a0\u00bb4.19.2&Prime; _module_preset=\u00a0\u00bbdefault\u00a0\u00bb global_colors_info=\u00a0\u00bb{}\u00a0\u00bb][et_pb_image src=\u00a0\u00bbhttps:\/\/www.zoo-bordeaux-pessac.com\/public\/wp-content\/uploads\/2025\/10\/DSC_8980_DxO-scaled.jpg\u00a0\u00bb alt=\u00a0\u00bbgibbon mains blanches\u00a0\u00bb title_text=\u00a0\u00bbDSC_8980_DxO\u00a0\u00bb _builder_version=\u00a0\u00bb4.27.4&Prime; _module_preset=\u00a0\u00bbdefault\u00a0\u00bb hover_enabled=\u00a0\u00bb0&Prime; global_colors_info=\u00a0\u00bb{}\u00a0\u00bb sticky_enabled=\u00a0\u00bb0&Prime;][\/et_pb_image][\/et_pb_column][et_pb_column type=\u00a0\u00bb1_2&Prime; _builder_version=\u00a0\u00bb4.19.2&Prime; _module_preset=\u00a0\u00bbdefault\u00a0\u00bb global_colors_info=\u00a0\u00bb{}\u00a0\u00bb][et_pb_text _builder_version=\u00a0\u00bb4.21.0&Prime; _module_preset=\u00a0\u00bbdefault\u00a0\u00bb text_font=\u00a0\u00bbProxima Nova Regular||||||||\u00a0\u00bb text_text_color=\u00a0\u00bb#000000&Prime; text_font_size=\u00a0\u00bb20px\u00a0\u00bb min_height=\u00a0\u00bb261.6px\u00a0\u00bb global_colors_info=\u00a0\u00bb{}\u00a0\u00bb]<\/p>\n<h3 data-start=\"209\" data-end=\"235\"><strong data-start=\"213\" data-end=\"233\">Le saviez-vous ?<\/strong><\/h3>\n<p data-start=\"236\" data-end=\"611\">Le <strong data-start=\"239\" data-end=\"249\">gibbon<\/strong> joue un r\u00f4le essentiel dans son \u00e9cosyst\u00e8me : la <strong data-start=\"298\" data-end=\"335\">for\u00eat tropicale d\u2019Asie du Sud-Est<\/strong>.<br data-start=\"336\" data-end=\"339\" \/>En se nourrissant de <strong data-start=\"360\" data-end=\"370\">fruits<\/strong>, il en disperse les graines tout au long de ses d\u00e9placements, contribuant ainsi \u00e0 la <strong data-start=\"456\" data-end=\"494\">r\u00e9g\u00e9n\u00e9ration naturelle de la for\u00eat<\/strong>.<br data-start=\"495\" data-end=\"498\" \/>V\u00e9ritable <strong data-start=\"508\" data-end=\"539\">\u00ab jardinier de la canop\u00e9e \u00bb<\/strong>, il participe activement \u00e0 la sant\u00e9 et \u00e0 la diversit\u00e9 de son habitat.<\/p>\n<h3 data-start=\"613\" data-end=\"663\"><strong data-start=\"617\" data-end=\"661\">Caract\u00e9ristiques, mode de vie et habitat<\/strong><\/h3>\n<p data-start=\"664\" data-end=\"976\">Le gibbon vit dans les <strong data-start=\"687\" data-end=\"716\">for\u00eats tropicales humides<\/strong>, principalement dans la <strong data-start=\"741\" data-end=\"752\">canop\u00e9e<\/strong>, o\u00f9 il se d\u00e9place de branche en branche gr\u00e2ce \u00e0 ses <strong data-start=\"805\" data-end=\"819\">longs bras<\/strong> : c\u2019est ce qu\u2019on appelle la <strong data-start=\"848\" data-end=\"863\">brachiation<\/strong>.<br data-start=\"864\" data-end=\"867\" \/>Agile et rapide, il peut <strong data-start=\"892\" data-end=\"924\">bondir sur plus de 10 m\u00e8tres<\/strong> et atteindre une <strong data-start=\"942\" data-end=\"972\">vitesse de plus de 60 km\/h<\/strong> !<\/p>\n<p data-start=\"978\" data-end=\"1272\">Il vit en <strong data-start=\"988\" data-end=\"1016\">petits groupes familiaux<\/strong> o\u00f9 les liens sociaux sont tr\u00e8s forts. Les gibbons <strong data-start=\"1067\" data-end=\"1108\">chantent, s\u2019\u00e9pouillent et se c\u00e2linent<\/strong>pour renforcer la coh\u00e9sion du groupe.<br data-start=\"1146\" data-end=\"1149\" \/>Leurs <strong data-start=\"1155\" data-end=\"1179\">vocalises puissantes<\/strong> r\u00e9sonnent jusqu\u2019\u00e0 <strong data-start=\"1198\" data-end=\"1217\">2 km \u00e0 la ronde<\/strong>, servant \u00e0 communiquer et \u00e0 marquer leur territoire.<\/p>\n<p data-start=\"1274\" data-end=\"1462\">Les jeunes gibbons naissent avec un <strong data-start=\"1310\" data-end=\"1334\">pelage beige ou noir<\/strong>, une couleur qui n\u2019indique pas leur sexe : <strong data-start=\"1378\" data-end=\"1399\">m\u00e2les et femelles<\/strong>peuvent pr\u00e9senter <strong data-start=\"1418\" data-end=\"1444\">l\u2019un ou l\u2019autre pelage<\/strong> \u00e0 l\u2019\u00e2ge adulte.<\/p>\n<h3 data-start=\"1464\" data-end=\"1490\"><strong data-start=\"1468\" data-end=\"1488\">Jessica et James<\/strong><\/h3>\n<p data-start=\"1491\" data-end=\"1818\">Nos deux gibbons, <strong data-start=\"1509\" data-end=\"1520\">Jessica<\/strong> et <strong data-start=\"1524\" data-end=\"1533\">James<\/strong>, forment un <strong data-start=\"1546\" data-end=\"1565\">couple monogame<\/strong>, fid\u00e8le \u00e0 vie \u2014 un trait typique de cette esp\u00e8ce.<br data-start=\"1615\" data-end=\"1618\" \/>Tous deux sont n\u00e9s dans les ann\u00e9es 1990. <strong data-start=\"1659\" data-end=\"1668\">James<\/strong>, au pelage beige, se distingue par son <strong data-start=\"1708\" data-end=\"1726\">chant puissant<\/strong>, tandis que <strong data-start=\"1739\" data-end=\"1750\">Jessica<\/strong>, au pelage noir, compl\u00e8te \u00e0 merveille ce duo soud\u00e9 et harmonieux.<\/p>\n<h3 data-start=\"1820\" data-end=\"1857\"><strong data-start=\"1824\" data-end=\"1855\">Pourquoi sont-ils menac\u00e9s ?<\/strong><\/h3>\n<p data-start=\"1858\" data-end=\"2303\"><strong data-start=\"1858\" data-end=\"1885\">Statut UICN : En danger<\/strong><br data-start=\"1885\" data-end=\"1888\" \/>Les gibbons sont victimes de <strong data-start=\"1917\" data-end=\"1927\">chasse<\/strong> \u2014 pour leur viande ou pour alimenter le <strong data-start=\"1968\" data-end=\"2011\">commerce ill\u00e9gal d\u2019animaux de compagnie<\/strong>.<br data-start=\"2012\" data-end=\"2015\" \/>La <strong data-start=\"2018\" data-end=\"2035\">d\u00e9forestation<\/strong>, notamment li\u00e9e \u00e0 l\u2019exploitation des <strong data-start=\"2073\" data-end=\"2104\">arbres du genre <em data-start=\"2091\" data-end=\"2102\">Aquilaria<\/em><\/strong> (tr\u00e8s recherch\u00e9s pour leur bois aromatique), d\u00e9truit une grande partie de leur habitat.<br data-start=\"2192\" data-end=\"2195\" \/>La <strong data-start=\"2198\" data-end=\"2224\">construction de routes<\/strong> dans les zones prot\u00e9g\u00e9es aggrave encore la fragmentation de leur territoire.<\/p>\n<p>[\/et_pb_text][\/et_pb_column][\/et_pb_row][et_pb_row _builder_version=\u00a0\u00bb4.19.2&Prime; _module_preset=\u00a0\u00bbdefault\u00a0\u00bb min_height=\u00a0\u00bb199.3px\u00a0\u00bb custom_padding=\u00a0\u00bb3px|||||\u00a0\u00bb global_colors_info=\u00a0\u00bb{}\u00a0\u00bb][et_pb_column type=\u00a0\u00bb4_4&Prime; _builder_version=\u00a0\u00bb4.19.2&Prime; _module_preset=\u00a0\u00bbdefault\u00a0\u00bb global_colors_info=\u00a0\u00bb{}\u00a0\u00bb][et_pb_button button_url=\u00a0\u00bbhttps:\/\/kalaweit.org\/\u00a0\u00bb button_text=\u00a0\u00bbPour aider \u00e0 pr\u00e9server le Gibbon\u00a0\u00bb button_alignment=\u00a0\u00bbcenter\u00a0\u00bb _builder_version=\u00a0\u00bb4.21.0&Prime; _module_preset=\u00a0\u00bbdefault\u00a0\u00bb custom_button=\u00a0\u00bbon\u00a0\u00bb button_text_color=\u00a0\u00bb#FFFFFF\u00a0\u00bb button_bg_color=\u00a0\u00bb#E09900&Prime; global_colors_info=\u00a0\u00bb{}\u00a0\u00bb][\/et_pb_button][et_pb_audio title=\u00a0\u00bbCliquez ici pour \u00e9couter le chant du gibbon\u00a0\u00bb image_url=\u00a0\u00bbhttps:\/\/www.zoo-bordeaux-pessac.com\/public\/wp-content\/uploads\/2023\/01\/P1300726-scaled.jpg\u00a0\u00bb _builder_version=\u00a0\u00bb4.19.4&Prime; _module_preset=\u00a0\u00bbdefault\u00a0\u00bb background_color=\u00a0\u00bb#E09900&Prime; link_option_url=\u00a0\u00bbhttps:\/\/www.zoo-bordeaux-pessac.com\/public\/wp-content\/uploads\/2023\/01\/Every-gibbon-ritual-scream.mp3&Prime; border_color_all_image=\u00a0\u00bb#E09900&Prime; global_colors_info=\u00a0\u00bb{}\u00a0\u00bb][\/et_pb_audio][\/et_pb_column][\/et_pb_row][\/et_pb_section]<\/p>\n","protected":false},"excerpt":{"rendered":"<p>Agir : l&rsquo;histoire et les missions du Zoo de Bordeaux Pessac&#8230;<\/p>\n","protected":false},"author":4,"featured_media":2391,"parent":0,"menu_order":0,"comment_status":"closed","ping_status":"closed","template":"","meta":{"_et_pb_use_builder":"on","_et_pb_old_content":"","_et_gb_content_width":"","content-type":"","footnotes":""},"class_list":["post-2291","page","type-page","status-publish","has-post-thumbnail","hentry"],"_links":{"self":[{"href":"https:\/\/www.zoo-bordeaux-pessac.com\/public\/wp-json\/wp\/v2\/pages\/2291","targetHints":{"allow":["GET"]}}],"collection":[{"href":"https:\/\/www.zoo-bordeaux-pessac.com\/public\/wp-json\/wp\/v2\/pages"}],"about":[{"href":"https:\/\/www.zoo-bordeaux-pessac.com\/public\/wp-json\/wp\/v2\/types\/page"}],"author":[{"embeddable":true,"href":"https:\/\/www.zoo-bordeaux-pessac.com\/public\/wp-json\/wp\/v2\/users\/4"}],"replies":[{"embeddable":true,"href":"https:\/\/www.zoo-bordeaux-pessac.com\/public\/wp-json\/wp\/v2\/comments?post=2291"}],"version-history":[{"count":7,"href":"https:\/\/www.zoo-bordeaux-pessac.com\/public\/wp-json\/wp\/v2\/pages\/2291\/revisions"}],"predecessor-version":[{"id":17394,"href":"https:\/\/www.zoo-bordeaux-pessac.com\/public\/wp-json\/wp\/v2\/pages\/2291\/revisions\/17394"}],"wp:featuredmedia":[{"embeddable":true,"href":"https:\/\/www.zoo-bordeaux-pessac.com\/public\/wp-json\/wp\/v2\/media\/2391"}],"wp:attachment":[{"href":"https:\/\/www.zoo-bordeaux-pessac.com\/public\/wp-json\/wp\/v2\/media?parent=2291"}],"curies":[{"name":"wp","href":"https:\/\/api.w.org\/{rel}","templated":true}]}}