{"id":2311,"date":"2023-01-04T16:49:44","date_gmt":"2023-01-04T15:49:44","guid":{"rendered":"https:\/\/www.zoo-bordeaux-pessac.com\/public\/?page_id=2311"},"modified":"2025-11-02T11:01:48","modified_gmt":"2025-11-02T10:01:48","slug":"nandou","status":"publish","type":"page","link":"https:\/\/www.zoo-bordeaux-pessac.com\/public\/nandou\/","title":{"rendered":"Nandou"},"content":{"rendered":"<p>[et_pb_section fb_built=\u00a0\u00bb1&Prime; admin_label=\u00a0\u00bbSection\u00a0\u00bb _builder_version=\u00a0\u00bb4.16&Prime; _module_preset=\u00a0\u00bbdefault\u00a0\u00bb background_color=\u00a0\u00bb#f0a136&Prime; background_image=\u00a0\u00bbhttps:\/\/www.zoo-bordeaux-pessac.com\/public\/wp-content\/uploads\/2021\/05\/feuillagePalmier-2.svg\u00a0\u00bb background_size=\u00a0\u00bbinitial\u00a0\u00bb background_position=\u00a0\u00bbcenter_left\u00a0\u00bb min_height=\u00a0\u00bb280.8px\u00a0\u00bb custom_margin=\u00a0\u00bb||-75px|||\u00a0\u00bb custom_css_main_element=\u00a0\u00bbbackground-position: left -38.2em center!important;\u00a0\u00bb da_disable_devices=\u00a0\u00bboff|off|off\u00a0\u00bb locked=\u00a0\u00bboff\u00a0\u00bb global_colors_info=\u00a0\u00bb{}\u00a0\u00bb custom_css_main_element_last_edited=\u00a0\u00bbon|desktop\u00a0\u00bb custom_css_main_element_tablet=\u00a0\u00bbbackground-position: left -38.2em top -25em!important;\u00a0\u00bb custom_css_main_element_phone=\u00a0\u00bbbackground-position: left -38.2em top -20em!important;\u00a0\u00bb da_is_popup=\u00a0\u00bboff\u00a0\u00bb da_exit_intent=\u00a0\u00bboff\u00a0\u00bb da_has_close=\u00a0\u00bbon\u00a0\u00bb da_alt_close=\u00a0\u00bboff\u00a0\u00bb da_dark_close=\u00a0\u00bboff\u00a0\u00bb da_not_modal=\u00a0\u00bbon\u00a0\u00bb da_is_singular=\u00a0\u00bboff\u00a0\u00bb da_with_loader=\u00a0\u00bboff\u00a0\u00bb da_has_shadow=\u00a0\u00bbon\u00a0\u00bb][et_pb_row disabled_on=\u00a0\u00bboff|off|off\u00a0\u00bb _builder_version=\u00a0\u00bb4.16&Prime; _module_preset=\u00a0\u00bbdefault\u00a0\u00bb min_height=\u00a0\u00bb217.8px\u00a0\u00bb custom_margin=\u00a0\u00bb5em||||false|false\u00a0\u00bb custom_margin_tablet=\u00a0\u00bb\u00a0\u00bb custom_margin_phone=\u00a0\u00bb10em||||false|false\u00a0\u00bb custom_margin_last_edited=\u00a0\u00bbon|phone\u00a0\u00bb global_colors_info=\u00a0\u00bb{}\u00a0\u00bb][et_pb_column type=\u00a0\u00bb4_4&Prime; _builder_version=\u00a0\u00bb4.16&Prime; _module_preset=\u00a0\u00bbdefault\u00a0\u00bb global_colors_info=\u00a0\u00bb{}\u00a0\u00bb][et_pb_text _builder_version=\u00a0\u00bb4.19.4&Prime; _module_preset=\u00a0\u00bbdefault\u00a0\u00bb header_font=\u00a0\u00bbRecoleta Bold|800|||||||\u00a0\u00bb header_text_align=\u00a0\u00bbcenter\u00a0\u00bb header_font_size=\u00a0\u00bb100px\u00a0\u00bb background_layout=\u00a0\u00bbdark\u00a0\u00bb header_font_size_tablet=\u00a0\u00bb80px\u00a0\u00bb header_font_size_phone=\u00a0\u00bb40px\u00a0\u00bb header_font_size_last_edited=\u00a0\u00bbon|desktop\u00a0\u00bb global_colors_info=\u00a0\u00bb{}\u00a0\u00bb]<\/p>\n<h1>Nandou d&rsquo;Am\u00e9rique<\/h1>\n<h2 style=\"text-align: center;\">Rhea americana<\/h2>\n<p>&nbsp;<\/p>\n<p>[\/et_pb_text][\/et_pb_column][\/et_pb_row][\/et_pb_section][et_pb_section fb_built=\u00a0\u00bb1&Prime; admin_label=\u00a0\u00bbSection\u00a0\u00bb module_id=\u00a0\u00bbhistoire\u00a0\u00bb _builder_version=\u00a0\u00bb4.19.2&Prime; _module_preset=\u00a0\u00bbdefault\u00a0\u00bb background_image=\u00a0\u00bbhttps:\/\/www.zoo-bordeaux-pessac.com\/public\/wp-content\/uploads\/2021\/05\/feuillagePlume-3.svg\u00a0\u00bb background_size=\u00a0\u00bbinitial\u00a0\u00bb background_position=\u00a0\u00bbcenter_right\u00a0\u00bb custom_padding=\u00a0\u00bb0px|||||\u00a0\u00bb custom_css_main_element=\u00a0\u00bbbackground-position: right -2em center!important;||\u00a0\u00bb da_popup_slug=\u00a0\u00bbhistoire\u00a0\u00bb da_disable_devices=\u00a0\u00bboff|off|off\u00a0\u00bb locked=\u00a0\u00bboff\u00a0\u00bb global_colors_info=\u00a0\u00bb{}\u00a0\u00bb custom_css_main_element_last_edited=\u00a0\u00bbon|phone\u00a0\u00bb custom_css_main_element_phone=\u00a0\u00bbbackground-position: right -2em center!important;\u00a0\u00bb custom_css_main_element_tablet=\u00a0\u00bbbackground-position: right -2em center!important;||\u00a0\u00bb da_is_popup=\u00a0\u00bboff\u00a0\u00bb da_exit_intent=\u00a0\u00bboff\u00a0\u00bb da_has_close=\u00a0\u00bbon\u00a0\u00bb da_alt_close=\u00a0\u00bboff\u00a0\u00bb da_dark_close=\u00a0\u00bboff\u00a0\u00bb da_not_modal=\u00a0\u00bbon\u00a0\u00bb da_is_singular=\u00a0\u00bboff\u00a0\u00bb da_with_loader=\u00a0\u00bboff\u00a0\u00bb da_has_shadow=\u00a0\u00bbon\u00a0\u00bb][et_pb_row column_structure=\u00a0\u00bb1_2,1_2&Prime; _builder_version=\u00a0\u00bb4.19.2&Prime; _module_preset=\u00a0\u00bbdefault\u00a0\u00bb global_colors_info=\u00a0\u00bb{}\u00a0\u00bb][et_pb_column type=\u00a0\u00bb1_2&Prime; _builder_version=\u00a0\u00bb4.19.2&Prime; _module_preset=\u00a0\u00bbdefault\u00a0\u00bb global_colors_info=\u00a0\u00bb{}\u00a0\u00bb][et_pb_image src=\u00a0\u00bbhttps:\/\/www.zoo-bordeaux-pessac.com\/public\/wp-content\/uploads\/2025\/11\/NANDOUS.jpg\u00a0\u00bb alt=\u00a0\u00bbnandou\u00a0\u00bb title_text=\u00a0\u00bbNANDOUS\u00a0\u00bb _builder_version=\u00a0\u00bb4.27.4&Prime; _module_preset=\u00a0\u00bbdefault\u00a0\u00bb hover_enabled=\u00a0\u00bb0&Prime; global_colors_info=\u00a0\u00bb{}\u00a0\u00bb sticky_enabled=\u00a0\u00bb0&Prime;][\/et_pb_image][\/et_pb_column][et_pb_column type=\u00a0\u00bb1_2&Prime; _builder_version=\u00a0\u00bb4.19.2&Prime; _module_preset=\u00a0\u00bbdefault\u00a0\u00bb global_colors_info=\u00a0\u00bb{}\u00a0\u00bb][et_pb_text _builder_version=\u00a0\u00bb4.19.4&Prime; _module_preset=\u00a0\u00bbdefault\u00a0\u00bb text_font=\u00a0\u00bbProxima Nova Regular||||||||\u00a0\u00bb text_text_color=\u00a0\u00bb#000000&Prime; text_font_size=\u00a0\u00bb20px\u00a0\u00bb min_height=\u00a0\u00bb261.6px\u00a0\u00bb global_colors_info=\u00a0\u00bb{}\u00a0\u00bb]<\/p>\n<h2 style=\"text-align: justify;\"><strong><\/strong><\/h2>\n<h2><strong>Le saviez-vous ?<\/strong><\/h2>\n<p style=\"text-align: justify;\"><span>Comme l\u2019autruche ou l\u2019\u00e9meu, <\/span><strong data-start=\"239\" data-end=\"252\">le nandou<\/strong><span> fait partie des grands oiseaux <\/span><strong data-start=\"284\" data-end=\"302\">inaptes au vol<\/strong><span>. Il vit en groupe dans les <\/span><strong data-start=\"330\" data-end=\"357\">prairies et les savanes<\/strong><span> d\u2019Am\u00e9rique du Sud.<\/span><br data-start=\"376\" data-end=\"379\" \/><span>Fait surprenant : les femelles sont <\/span><strong data-start=\"415\" data-end=\"429\">polyandres<\/strong><span>, c\u2019est-\u00e0-dire qu\u2019elles se reproduisent avec plusieurs m\u00e2les.<\/span><br data-start=\"490\" data-end=\"493\" \/><span>Mais c\u2019est le <\/span><strong data-start=\"507\" data-end=\"515\">m\u00e2le<\/strong><span> qui s\u2019occupe de <\/span><strong data-start=\"532\" data-end=\"549\">tout le reste<\/strong><span> ! Il pr\u00e9pare le nid, <\/span><strong data-start=\"571\" data-end=\"589\">couve les \u0153ufs<\/strong><span> et <\/span><strong data-start=\"593\" data-end=\"613\">\u00e9l\u00e8ve les petits<\/strong><span> jusqu\u2019\u00e0 leur ind\u00e9pendance.<\/span><\/p>\n<p>&nbsp;<\/p>\n<p>[\/et_pb_text][\/et_pb_column][\/et_pb_row][et_pb_row _builder_version=\u00a0\u00bb4.19.2&Prime; _module_preset=\u00a0\u00bbdefault\u00a0\u00bb min_height=\u00a0\u00bb580.2px\u00a0\u00bb custom_margin=\u00a0\u00bb|auto|-86px|auto||\u00a0\u00bb custom_padding=\u00a0\u00bb0px||0px|||\u00a0\u00bb global_colors_info=\u00a0\u00bb{}\u00a0\u00bb][et_pb_column type=\u00a0\u00bb4_4&Prime; _builder_version=\u00a0\u00bb4.16&Prime; _module_preset=\u00a0\u00bbdefault\u00a0\u00bb global_colors_info=\u00a0\u00bb{}\u00a0\u00bb][et_pb_text _builder_version=\u00a0\u00bb4.19.4&Prime; _module_preset=\u00a0\u00bbdefault\u00a0\u00bb text_font=\u00a0\u00bbProxima Nova Regular||||||||\u00a0\u00bb text_text_color=\u00a0\u00bb#000000&Prime; text_font_size=\u00a0\u00bb20px\u00a0\u00bb header_6_font=\u00a0\u00bbProxima Nova Regular|700|||||||\u00a0\u00bb header_6_font_size=\u00a0\u00bb20px\u00a0\u00bb link_option_url=\u00a0\u00bbhttps:\/\/www.iucn.org\/fr\u00a0\u00bb global_colors_info=\u00a0\u00bb{}\u00a0\u00bb]<\/p>\n<h2 style=\"text-align: justify;\"><strong>Caract\u00e9ristiques, mode de vie et habitat<\/strong><\/h2>\n<p data-start=\"691\" data-end=\"1245\">S\u2019il ne vole pas, le nandou est en revanche <strong data-start=\"735\" data-end=\"759\">un excellent coureur<\/strong> ! Gr\u00e2ce \u00e0 ses longues pattes puissantes, il peut atteindre <strong data-start=\"819\" data-end=\"830\">60 km\/h<\/strong>.<br data-start=\"831\" data-end=\"834\" \/>Ses <strong data-start=\"838\" data-end=\"872\">ailes lui servent de balancier<\/strong> pour garder l\u2019\u00e9quilibre, notamment lorsqu\u2019il court en zigzag pour \u00e9chapper \u00e0 un pr\u00e9dateur.<br data-start=\"963\" data-end=\"966\" \/>Et s\u2019il se sent menac\u00e9, il peut aussi se d\u00e9fendre \u00e0 l\u2019aide de la <strong data-start=\"1031\" data-end=\"1048\">griffe ac\u00e9r\u00e9e<\/strong> situ\u00e9e au bout de ses trois orteils.<br data-start=\"1085\" data-end=\"1088\" \/>Il occupe principalement les <strong data-start=\"1117\" data-end=\"1135\" data-is-only-node=\"\">zones ouvertes<\/strong> : prairies, steppes et savanes, o\u00f9 il trouve herbes, graines, fruits et petits insectes dont il se nourrit.<\/p>\n<h3 data-start=\"1247\" data-end=\"1280\"><strong>Pourquoi sont-ils menac\u00e9s ?<\/strong><\/h3>\n<p data-start=\"1281\" data-end=\"1759\"><strong data-start=\"1281\" data-end=\"1312\">Statut UICN : Quasi menac\u00e9e<\/strong><br data-start=\"1312\" data-end=\"1315\" \/>L\u2019habitat naturel du nandou se <strong data-start=\"1346\" data-end=\"1372\">r\u00e9duit progressivement<\/strong>, principalement \u00e0 cause de l\u2019agriculture intensive et de l\u2019\u00e9levage.<br data-start=\"1440\" data-end=\"1443\" \/>Depuis longtemps, il est <strong data-start=\"1468\" data-end=\"1492\">convoit\u00e9 par l\u2019Homme<\/strong> pour ses <strong data-start=\"1502\" data-end=\"1547\">plumes, sa viande, ses \u0153ufs et sa graisse<\/strong>, ce qui a entra\u00een\u00e9 un d\u00e9clin local de certaines populations.<br data-start=\"1608\" data-end=\"1611\" \/>Aujourd\u2019hui, des programmes de <strong data-start=\"1642\" data-end=\"1680\">conservation et de sensibilisation<\/strong> contribuent \u00e0 pr\u00e9server cet oiseau embl\u00e9matique des plaines sud-am\u00e9ricaines.<\/p>\n<p>&nbsp;<\/p>\n<p>[\/et_pb_text][\/et_pb_column][\/et_pb_row][\/et_pb_section]<\/p>\n","protected":false},"excerpt":{"rendered":"<p>Agir : l&rsquo;histoire et les missions du Zoo de Bordeaux Pessac&#8230;<\/p>\n","protected":false},"author":4,"featured_media":2026,"parent":0,"menu_order":0,"comment_status":"closed","ping_status":"closed","template":"","meta":{"_et_pb_use_builder":"on","_et_pb_old_content":"","_et_gb_content_width":"","content-type":"","footnotes":""},"class_list":["post-2311","page","type-page","status-publish","has-post-thumbnail","hentry"],"_links":{"self":[{"href":"https:\/\/www.zoo-bordeaux-pessac.com\/public\/wp-json\/wp\/v2\/pages\/2311","targetHints":{"allow":["GET"]}}],"collection":[{"href":"https:\/\/www.zoo-bordeaux-pessac.com\/public\/wp-json\/wp\/v2\/pages"}],"about":[{"href":"https:\/\/www.zoo-bordeaux-pessac.com\/public\/wp-json\/wp\/v2\/types\/page"}],"author":[{"embeddable":true,"href":"https:\/\/www.zoo-bordeaux-pessac.com\/public\/wp-json\/wp\/v2\/users\/4"}],"replies":[{"embeddable":true,"href":"https:\/\/www.zoo-bordeaux-pessac.com\/public\/wp-json\/wp\/v2\/comments?post=2311"}],"version-history":[{"count":4,"href":"https:\/\/www.zoo-bordeaux-pessac.com\/public\/wp-json\/wp\/v2\/pages\/2311\/revisions"}],"predecessor-version":[{"id":17480,"href":"https:\/\/www.zoo-bordeaux-pessac.com\/public\/wp-json\/wp\/v2\/pages\/2311\/revisions\/17480"}],"wp:featuredmedia":[{"embeddable":true,"href":"https:\/\/www.zoo-bordeaux-pessac.com\/public\/wp-json\/wp\/v2\/media\/2026"}],"wp:attachment":[{"href":"https:\/\/www.zoo-bordeaux-pessac.com\/public\/wp-json\/wp\/v2\/media?parent=2311"}],"curies":[{"name":"wp","href":"https:\/\/api.w.org\/{rel}","templated":true}]}}