{"id":2346,"date":"2023-01-04T17:19:53","date_gmt":"2023-01-04T16:19:53","guid":{"rendered":"https:\/\/www.zoo-bordeaux-pessac.com\/public\/?page_id=2346"},"modified":"2025-10-30T14:58:49","modified_gmt":"2025-10-30T13:58:49","slug":"animaux-de-la-ferme","status":"publish","type":"page","link":"https:\/\/www.zoo-bordeaux-pessac.com\/public\/animaux-de-la-ferme\/","title":{"rendered":"Animaux de la ferme"},"content":{"rendered":"<p>[et_pb_section fb_built=\u00a0\u00bb1&Prime; admin_label=\u00a0\u00bbSection\u00a0\u00bb _builder_version=\u00a0\u00bb4.16&Prime; _module_preset=\u00a0\u00bbdefault\u00a0\u00bb background_color=\u00a0\u00bb#f0a136&Prime; background_image=\u00a0\u00bbhttps:\/\/www.zoo-bordeaux-pessac.com\/public\/wp-content\/uploads\/2021\/05\/feuillagePalmier-2.svg\u00a0\u00bb background_size=\u00a0\u00bbinitial\u00a0\u00bb background_position=\u00a0\u00bbcenter_left\u00a0\u00bb min_height=\u00a0\u00bb280.8px\u00a0\u00bb custom_margin=\u00a0\u00bb||-75px|||\u00a0\u00bb custom_css_main_element=\u00a0\u00bbbackground-position: left -38.2em center!important;\u00a0\u00bb da_disable_devices=\u00a0\u00bboff|off|off\u00a0\u00bb locked=\u00a0\u00bboff\u00a0\u00bb global_colors_info=\u00a0\u00bb{}\u00a0\u00bb custom_css_main_element_last_edited=\u00a0\u00bbon|desktop\u00a0\u00bb custom_css_main_element_tablet=\u00a0\u00bbbackground-position: left -38.2em top -25em!important;\u00a0\u00bb custom_css_main_element_phone=\u00a0\u00bbbackground-position: left -38.2em top -20em!important;\u00a0\u00bb da_is_popup=\u00a0\u00bboff\u00a0\u00bb da_exit_intent=\u00a0\u00bboff\u00a0\u00bb da_has_close=\u00a0\u00bbon\u00a0\u00bb da_alt_close=\u00a0\u00bboff\u00a0\u00bb da_dark_close=\u00a0\u00bboff\u00a0\u00bb da_not_modal=\u00a0\u00bbon\u00a0\u00bb da_is_singular=\u00a0\u00bboff\u00a0\u00bb da_with_loader=\u00a0\u00bboff\u00a0\u00bb da_has_shadow=\u00a0\u00bbon\u00a0\u00bb][et_pb_row disabled_on=\u00a0\u00bboff|off|off\u00a0\u00bb _builder_version=\u00a0\u00bb4.16&Prime; _module_preset=\u00a0\u00bbdefault\u00a0\u00bb min_height=\u00a0\u00bb217.8px\u00a0\u00bb custom_margin=\u00a0\u00bb5em||||false|false\u00a0\u00bb custom_margin_tablet=\u00a0\u00bb\u00a0\u00bb custom_margin_phone=\u00a0\u00bb10em||||false|false\u00a0\u00bb custom_margin_last_edited=\u00a0\u00bbon|phone\u00a0\u00bb global_colors_info=\u00a0\u00bb{}\u00a0\u00bb][et_pb_column type=\u00a0\u00bb4_4&Prime; _builder_version=\u00a0\u00bb4.16&Prime; _module_preset=\u00a0\u00bbdefault\u00a0\u00bb global_colors_info=\u00a0\u00bb{}\u00a0\u00bb][et_pb_text _builder_version=\u00a0\u00bb4.19.4&Prime; _module_preset=\u00a0\u00bbdefault\u00a0\u00bb header_font=\u00a0\u00bbRecoleta Bold|800|||||||\u00a0\u00bb header_text_align=\u00a0\u00bbcenter\u00a0\u00bb header_font_size=\u00a0\u00bb100px\u00a0\u00bb background_layout=\u00a0\u00bbdark\u00a0\u00bb header_font_size_tablet=\u00a0\u00bb80px\u00a0\u00bb header_font_size_phone=\u00a0\u00bb40px\u00a0\u00bb header_font_size_last_edited=\u00a0\u00bbon|desktop\u00a0\u00bb global_colors_info=\u00a0\u00bb{}\u00a0\u00bb]<\/p>\n<h1>Animaux de la Ferme<\/h1>\n<h4 style=\"text-align: center;\"><span style=\"font-family: 'Candara',sans-serif;\">Lapins, poules, ch\u00e8vres anglo-nubiennes, cuy, cheval miniature, ch\u00e8vres naines, moutons \u00e0 nez noirs, cochon laineux, mulet.<o:p><\/o:p><\/span><\/h4>\n<p>&nbsp;<\/p>\n<p>[\/et_pb_text][\/et_pb_column][\/et_pb_row][\/et_pb_section][et_pb_section fb_built=\u00a0\u00bb1&Prime; admin_label=\u00a0\u00bbSection\u00a0\u00bb module_id=\u00a0\u00bbhistoire\u00a0\u00bb _builder_version=\u00a0\u00bb4.19.2&Prime; _module_preset=\u00a0\u00bbdefault\u00a0\u00bb background_image=\u00a0\u00bbhttps:\/\/www.zoo-bordeaux-pessac.com\/public\/wp-content\/uploads\/2021\/05\/feuillagePlume-3.svg\u00a0\u00bb background_size=\u00a0\u00bbinitial\u00a0\u00bb background_position=\u00a0\u00bbcenter_right\u00a0\u00bb min_height=\u00a0\u00bb536.3px\u00a0\u00bb custom_padding=\u00a0\u00bb0px|||||\u00a0\u00bb custom_css_main_element=\u00a0\u00bbbackground-position: right -2em center!important;||\u00a0\u00bb da_popup_slug=\u00a0\u00bbhistoire\u00a0\u00bb da_disable_devices=\u00a0\u00bboff|off|off\u00a0\u00bb locked=\u00a0\u00bboff\u00a0\u00bb global_colors_info=\u00a0\u00bb{}\u00a0\u00bb custom_css_main_element_last_edited=\u00a0\u00bbon|phone\u00a0\u00bb custom_css_main_element_phone=\u00a0\u00bbbackground-position: right -2em center!important;\u00a0\u00bb custom_css_main_element_tablet=\u00a0\u00bbbackground-position: right -2em center!important;||\u00a0\u00bb da_is_popup=\u00a0\u00bboff\u00a0\u00bb da_exit_intent=\u00a0\u00bboff\u00a0\u00bb da_has_close=\u00a0\u00bbon\u00a0\u00bb da_alt_close=\u00a0\u00bboff\u00a0\u00bb da_dark_close=\u00a0\u00bboff\u00a0\u00bb da_not_modal=\u00a0\u00bbon\u00a0\u00bb da_is_singular=\u00a0\u00bboff\u00a0\u00bb da_with_loader=\u00a0\u00bboff\u00a0\u00bb da_has_shadow=\u00a0\u00bbon\u00a0\u00bb][et_pb_row column_structure=\u00a0\u00bb1_2,1_2&Prime; _builder_version=\u00a0\u00bb4.19.2&Prime; _module_preset=\u00a0\u00bbdefault\u00a0\u00bb global_colors_info=\u00a0\u00bb{}\u00a0\u00bb][et_pb_column type=\u00a0\u00bb1_2&Prime; _builder_version=\u00a0\u00bb4.19.2&Prime; _module_preset=\u00a0\u00bbdefault\u00a0\u00bb global_colors_info=\u00a0\u00bb{}\u00a0\u00bb][et_pb_image src=\u00a0\u00bbhttps:\/\/www.zoo-bordeaux-pessac.com\/public\/wp-content\/uploads\/2023\/01\/DSC_1009-scaled.jpg\u00a0\u00bb alt=\u00a0\u00bblapin\u00a0\u00bb title_text=\u00a0\u00bbDSC_1009&Prime; _builder_version=\u00a0\u00bb4.19.4&Prime; _module_preset=\u00a0\u00bbdefault\u00a0\u00bb global_colors_info=\u00a0\u00bb{}\u00a0\u00bb][\/et_pb_image][\/et_pb_column][et_pb_column type=\u00a0\u00bb1_2&Prime; _builder_version=\u00a0\u00bb4.19.2&Prime; _module_preset=\u00a0\u00bbdefault\u00a0\u00bb global_colors_info=\u00a0\u00bb{}\u00a0\u00bb][et_pb_text _builder_version=\u00a0\u00bb4.19.4&Prime; _module_preset=\u00a0\u00bbdefault\u00a0\u00bb text_font=\u00a0\u00bbProxima Nova Regular||||||||\u00a0\u00bb text_text_color=\u00a0\u00bb#000000&Prime; text_font_size=\u00a0\u00bb20px\u00a0\u00bb min_height=\u00a0\u00bb261.6px\u00a0\u00bb global_colors_info=\u00a0\u00bb{}\u00a0\u00bb]<\/p>\n<h3 data-start=\"205\" data-end=\"238\"><strong data-start=\"209\" data-end=\"236\">Les animaux de la ferme<\/strong><\/h3>\n<p data-start=\"239\" data-end=\"580\">Au c\u0153ur de notre parc, d\u00e9couvrez une joyeuse diversit\u00e9 d\u2019animaux de la ferme : <strong data-start=\"318\" data-end=\"447\">lapins, poules, ch\u00e8vres anglo-nubiennes, cuys, cheval miniature, ch\u00e8vres naines, moutons \u00e0 nez noirs, cochon laineux et mulet<\/strong>.<br data-start=\"448\" data-end=\"451\" \/>Petits et grands pourront <strong data-start=\"477\" data-end=\"520\">red\u00e9couvrir des esp\u00e8ces pas si communes<\/strong>, souvent \u00e9tonnantes par leur apparence ou leur histoire !<\/p>\n<h3 data-start=\"582\" data-end=\"620\"><strong data-start=\"586\" data-end=\"618\">Une rencontre pour r\u00e9fl\u00e9chir<\/strong><\/h3>\n<p data-start=\"621\" data-end=\"947\">La mini-ferme invite \u00e0 <strong data-start=\"644\" data-end=\"702\">s\u2019interroger sur la relation entre l\u2019Homme et l\u2019Animal<\/strong>.<br data-start=\"703\" data-end=\"706\" \/>Pourquoi ces esp\u00e8ces ont-elles \u00e9t\u00e9 domestiqu\u00e9es ?<br data-start=\"755\" data-end=\"758\" \/>Quel lien entretenons-nous aujourd\u2019hui avec elles ?<br data-start=\"809\" data-end=\"812\" \/>Autant de questions auxquelles <strong data-start=\"843\" data-end=\"886\">la visite apporte des r\u00e9ponses vivantes<\/strong>, \u00e0 travers la d\u00e9couverte et la proximit\u00e9 avec ces animaux.<\/p>\n<p>[\/et_pb_text][\/et_pb_column][\/et_pb_row][et_pb_row _builder_version=\u00a0\u00bb4.19.2&Prime; _module_preset=\u00a0\u00bbdefault\u00a0\u00bb min_height=\u00a0\u00bb580.2px\u00a0\u00bb custom_margin=\u00a0\u00bb|auto|-86px|auto||\u00a0\u00bb custom_padding=\u00a0\u00bb0px||0px|||\u00a0\u00bb global_colors_info=\u00a0\u00bb{}\u00a0\u00bb][et_pb_column type=\u00a0\u00bb4_4&Prime; _builder_version=\u00a0\u00bb4.16&Prime; _module_preset=\u00a0\u00bbdefault\u00a0\u00bb global_colors_info=\u00a0\u00bb{}\u00a0\u00bb][et_pb_text _builder_version=\u00a0\u00bb4.19.4&Prime; _module_preset=\u00a0\u00bbdefault\u00a0\u00bb text_font=\u00a0\u00bbProxima Nova Regular||||||||\u00a0\u00bb text_text_color=\u00a0\u00bb#000000&Prime; text_font_size=\u00a0\u00bb20px\u00a0\u00bb header_6_font=\u00a0\u00bbProxima Nova Regular|700|||||||\u00a0\u00bb header_6_font_size=\u00a0\u00bb20px\u00a0\u00bb link_option_url=\u00a0\u00bbhttps:\/\/www.iucn.org\/fr\u00a0\u00bb hover_enabled=\u00a0\u00bb0&Prime; global_colors_info=\u00a0\u00bb{}\u00a0\u00bb sticky_enabled=\u00a0\u00bb0&Prime;]<\/p>\n<h2 style=\"text-align: justify;\"><strong>Quelle est la premi\u00e8re esp\u00e8ce animale domestiqu\u00e9e par l\u2019Homme\u00a0? <\/strong><\/h2>\n<p style=\"text-align: justify;\"><span>Le <\/span><strong data-start=\"979\" data-end=\"988\">chien<\/strong><span>, issu du loup, serait la <\/span><strong data-start=\"1014\" data-end=\"1053\">premi\u00e8re esp\u00e8ce animale domestiqu\u00e9e<\/strong><span> par l\u2019Homme, il y a environ <\/span><strong data-start=\"1082\" data-end=\"1096\">20 000 ans<\/strong><span>. On suppose qu\u2019il offrait \u00e0 l\u2019humain <\/span><strong data-start=\"1134\" data-end=\"1194\">protection, aide \u00e0 la chasse ou au transport de mat\u00e9riel<\/strong><span>, marquant le d\u00e9but d\u2019une longue histoire de coop\u00e9ration entre nos deux esp\u00e8ces.<\/span><\/p>\n<p>[\/et_pb_text][et_pb_gallery _builder_version=\u00a0\u00bb4.27.4&Prime; _module_preset=\u00a0\u00bbdefault\u00a0\u00bb gallery_ids=\u00a0\u00bb17357,17359,17361,17363,17365,17367,17369&Prime; hover_enabled=\u00a0\u00bb0&Prime; sticky_enabled=\u00a0\u00bb0&Prime; gallery_orderby=\u00a0\u00bbrand\u00a0\u00bb show_title_and_caption=\u00a0\u00bboff\u00a0\u00bb][\/et_pb_gallery][et_pb_button button_url=\u00a0\u00bbhttps:\/\/www.zoo-bordeaux-pessac.com\/public\/wp-content\/uploads\/2023\/01\/cris-cochon-dinde.mp3&Prime; button_text=\u00a0\u00bbD\u00e9couvrir le bruit des Cuys \u00a0\u00bb button_alignment=\u00a0\u00bbcenter\u00a0\u00bb _builder_version=\u00a0\u00bb4.19.4&Prime; _module_preset=\u00a0\u00bbdefault\u00a0\u00bb custom_button=\u00a0\u00bbon\u00a0\u00bb button_text_color=\u00a0\u00bb#E09900&Prime; global_colors_info=\u00a0\u00bb{}\u00a0\u00bb][\/et_pb_button][\/et_pb_column][\/et_pb_row][\/et_pb_section]<\/p>\n","protected":false},"excerpt":{"rendered":"<p>Agir : l&rsquo;histoire et les missions du Zoo de Bordeaux Pessac&#8230;<\/p>\n","protected":false},"author":4,"featured_media":2026,"parent":0,"menu_order":0,"comment_status":"closed","ping_status":"closed","template":"","meta":{"_et_pb_use_builder":"on","_et_pb_old_content":"","_et_gb_content_width":"","content-type":"","footnotes":""},"class_list":["post-2346","page","type-page","status-publish","has-post-thumbnail","hentry"],"_links":{"self":[{"href":"https:\/\/www.zoo-bordeaux-pessac.com\/public\/wp-json\/wp\/v2\/pages\/2346","targetHints":{"allow":["GET"]}}],"collection":[{"href":"https:\/\/www.zoo-bordeaux-pessac.com\/public\/wp-json\/wp\/v2\/pages"}],"about":[{"href":"https:\/\/www.zoo-bordeaux-pessac.com\/public\/wp-json\/wp\/v2\/types\/page"}],"author":[{"embeddable":true,"href":"https:\/\/www.zoo-bordeaux-pessac.com\/public\/wp-json\/wp\/v2\/users\/4"}],"replies":[{"embeddable":true,"href":"https:\/\/www.zoo-bordeaux-pessac.com\/public\/wp-json\/wp\/v2\/comments?post=2346"}],"version-history":[{"count":9,"href":"https:\/\/www.zoo-bordeaux-pessac.com\/public\/wp-json\/wp\/v2\/pages\/2346\/revisions"}],"predecessor-version":[{"id":17371,"href":"https:\/\/www.zoo-bordeaux-pessac.com\/public\/wp-json\/wp\/v2\/pages\/2346\/revisions\/17371"}],"wp:featuredmedia":[{"embeddable":true,"href":"https:\/\/www.zoo-bordeaux-pessac.com\/public\/wp-json\/wp\/v2\/media\/2026"}],"wp:attachment":[{"href":"https:\/\/www.zoo-bordeaux-pessac.com\/public\/wp-json\/wp\/v2\/media?parent=2346"}],"curies":[{"name":"wp","href":"https:\/\/api.w.org\/{rel}","templated":true}]}}