{"id":2579,"date":"2023-03-21T10:33:01","date_gmt":"2023-03-21T09:33:01","guid":{"rendered":"https:\/\/www.zoo-bordeaux-pessac.com\/public\/?page_id=2579"},"modified":"2023-03-21T11:05:28","modified_gmt":"2023-03-21T10:05:28","slug":"faq","status":"publish","type":"page","link":"https:\/\/www.zoo-bordeaux-pessac.com\/public\/faq\/","title":{"rendered":"FAQ"},"content":{"rendered":"<p>[et_pb_section fb_built=\u00a0\u00bb1&Prime; admin_label=\u00a0\u00bbSection\u00a0\u00bb _builder_version=\u00a0\u00bb4.16&Prime; _module_preset=\u00a0\u00bbdefault\u00a0\u00bb background_color=\u00a0\u00bb#f0a136&Prime; background_image=\u00a0\u00bbhttps:\/\/www.zoo-bordeaux-pessac.com\/public\/wp-content\/uploads\/2021\/05\/feuillagePalmier-2.svg\u00a0\u00bb background_size=\u00a0\u00bbinitial\u00a0\u00bb background_position=\u00a0\u00bbcenter_left\u00a0\u00bb custom_css_main_element=\u00a0\u00bbbackground-position: left -38.2em center!important;\u00a0\u00bb da_disable_devices=\u00a0\u00bboff|off|off\u00a0\u00bb locked=\u00a0\u00bboff\u00a0\u00bb global_colors_info=\u00a0\u00bb{}\u00a0\u00bb custom_css_main_element_last_edited=\u00a0\u00bbon|desktop\u00a0\u00bb custom_css_main_element_tablet=\u00a0\u00bbbackground-position: left -38.2em top -25em!important;\u00a0\u00bb custom_css_main_element_phone=\u00a0\u00bbbackground-position: left -38.2em top -20em!important;\u00a0\u00bb da_is_popup=\u00a0\u00bboff\u00a0\u00bb da_exit_intent=\u00a0\u00bboff\u00a0\u00bb da_has_close=\u00a0\u00bbon\u00a0\u00bb da_alt_close=\u00a0\u00bboff\u00a0\u00bb da_dark_close=\u00a0\u00bboff\u00a0\u00bb da_not_modal=\u00a0\u00bbon\u00a0\u00bb da_is_singular=\u00a0\u00bboff\u00a0\u00bb da_with_loader=\u00a0\u00bboff\u00a0\u00bb da_has_shadow=\u00a0\u00bbon\u00a0\u00bb][et_pb_row disabled_on=\u00a0\u00bboff|off|off\u00a0\u00bb _builder_version=\u00a0\u00bb4.16&Prime; _module_preset=\u00a0\u00bbdefault\u00a0\u00bb custom_margin=\u00a0\u00bb5em||||false|false\u00a0\u00bb custom_margin_tablet=\u00a0\u00bb\u00a0\u00bb custom_margin_phone=\u00a0\u00bb10em||||false|false\u00a0\u00bb custom_margin_last_edited=\u00a0\u00bbon|phone\u00a0\u00bb global_colors_info=\u00a0\u00bb{}\u00a0\u00bb][et_pb_column type=\u00a0\u00bb4_4&Prime; _builder_version=\u00a0\u00bb4.16&Prime; _module_preset=\u00a0\u00bbdefault\u00a0\u00bb global_colors_info=\u00a0\u00bb{}\u00a0\u00bb][et_pb_text _builder_version=\u00a0\u00bb4.20.2&Prime; _module_preset=\u00a0\u00bbdefault\u00a0\u00bb header_font=\u00a0\u00bbRecoleta Bold|800|||||||\u00a0\u00bb header_text_align=\u00a0\u00bbcenter\u00a0\u00bb header_font_size=\u00a0\u00bb80px\u00a0\u00bb background_layout=\u00a0\u00bbdark\u00a0\u00bb hover_enabled=\u00a0\u00bb0&Prime; header_font_size_tablet=\u00a0\u00bb80px\u00a0\u00bb header_font_size_phone=\u00a0\u00bb40px\u00a0\u00bb header_font_size_last_edited=\u00a0\u00bbon|desktop\u00a0\u00bb global_colors_info=\u00a0\u00bb{}\u00a0\u00bb sticky_enabled=\u00a0\u00bb0&Prime;]<\/p>\n<h1>Questions fr\u00e9quentes<\/h1>\n<p>[\/et_pb_text][\/et_pb_column][\/et_pb_row][\/et_pb_section][et_pb_section fb_built=\u00a0\u00bb1&Prime; admin_label=\u00a0\u00bbSection\u00a0\u00bb module_id=\u00a0\u00bbhistoire\u00a0\u00bb _builder_version=\u00a0\u00bb4.16&Prime; _module_preset=\u00a0\u00bbdefault\u00a0\u00bb background_image=\u00a0\u00bbhttps:\/\/www.zoo-bordeaux-pessac.com\/public\/wp-content\/uploads\/2021\/05\/feuillagePlume-3.svg\u00a0\u00bb background_size=\u00a0\u00bbinitial\u00a0\u00bb background_position=\u00a0\u00bbcenter_right\u00a0\u00bb custom_css_main_element=\u00a0\u00bbbackground-position: right -2em center!important;||\u00a0\u00bb da_popup_slug=\u00a0\u00bbhistoire\u00a0\u00bb da_disable_devices=\u00a0\u00bboff|off|off\u00a0\u00bb locked=\u00a0\u00bboff\u00a0\u00bb global_colors_info=\u00a0\u00bb{}\u00a0\u00bb custom_css_main_element_last_edited=\u00a0\u00bbon|phone\u00a0\u00bb custom_css_main_element_phone=\u00a0\u00bbbackground-position: right -2em center!important;\u00a0\u00bb custom_css_main_element_tablet=\u00a0\u00bbbackground-position: right -2em center!important;||\u00a0\u00bb da_is_popup=\u00a0\u00bboff\u00a0\u00bb da_exit_intent=\u00a0\u00bboff\u00a0\u00bb da_has_close=\u00a0\u00bbon\u00a0\u00bb da_alt_close=\u00a0\u00bboff\u00a0\u00bb da_dark_close=\u00a0\u00bboff\u00a0\u00bb da_not_modal=\u00a0\u00bbon\u00a0\u00bb da_is_singular=\u00a0\u00bboff\u00a0\u00bb da_with_loader=\u00a0\u00bboff\u00a0\u00bb da_has_shadow=\u00a0\u00bbon\u00a0\u00bb][et_pb_row _builder_version=\u00a0\u00bb4.16&Prime; _module_preset=\u00a0\u00bbdefault\u00a0\u00bb border_width_bottom=\u00a0\u00bb2px\u00a0\u00bb global_colors_info=\u00a0\u00bb{}\u00a0\u00bb][et_pb_column type=\u00a0\u00bb4_4&Prime; _builder_version=\u00a0\u00bb4.16&Prime; _module_preset=\u00a0\u00bbdefault\u00a0\u00bb global_colors_info=\u00a0\u00bb{}\u00a0\u00bb][et_pb_text _builder_version=\u00a0\u00bb4.20.2&Prime; _module_preset=\u00a0\u00bbdefault\u00a0\u00bb header_2_font=\u00a0\u00bbRecoleta Bold||||||||\u00a0\u00bb header_2_text_align=\u00a0\u00bbcenter\u00a0\u00bb header_2_text_color=\u00a0\u00bb#fd6654&Prime; header_2_font_size=\u00a0\u00bb110px\u00a0\u00bb header_2_font_size_tablet=\u00a0\u00bb80px\u00a0\u00bb header_2_font_size_phone=\u00a0\u00bb60px\u00a0\u00bb header_2_font_size_last_edited=\u00a0\u00bbon|desktop\u00a0\u00bb global_colors_info=\u00a0\u00bb{}\u00a0\u00bb]<\/p>\n<h2>FAQ<\/h2>\n<p>[\/et_pb_text][\/et_pb_column][\/et_pb_row][et_pb_row _builder_version=\u00a0\u00bb4.20.0&Prime; _module_preset=\u00a0\u00bbdefault\u00a0\u00bb locked=\u00a0\u00bboff\u00a0\u00bb global_colors_info=\u00a0\u00bb{}\u00a0\u00bb][et_pb_column type=\u00a0\u00bb4_4&Prime; _builder_version=\u00a0\u00bb4.20.0&Prime; _module_preset=\u00a0\u00bbdefault\u00a0\u00bb global_colors_info=\u00a0\u00bb{}\u00a0\u00bb][et_pb_text _builder_version=\u00a0\u00bb4.20.2&Prime; _module_preset=\u00a0\u00bbdefault\u00a0\u00bb text_font_size=\u00a0\u00bb17px\u00a0\u00bb global_colors_info=\u00a0\u00bb{}\u00a0\u00bb]<\/p>\n<h1>Une question\u00a0?<\/h1>\n<p>Vous trouverez ici les r\u00e9ponses aux questions les plus fr\u00e9quemment pos\u00e9es aux \u00e9quipes du Zoo de Bordeaux Pessac.<\/p>\n<p>[\/et_pb_text][et_pb_toggle title=\u00a0\u00bbQuels sont les nouveaux projets pour 2023 ?\u00a0\u00bb _builder_version=\u00a0\u00bb4.20.2&Prime; _module_preset=\u00a0\u00bbdefault\u00a0\u00bb title_font=\u00a0\u00bbProxima Nova Black||||||||\u00a0\u00bb title_font_size=\u00a0\u00bb20px\u00a0\u00bb body_font=\u00a0\u00bbProxima Nova Regular||||||||\u00a0\u00bb body_font_size=\u00a0\u00bb17px\u00a0\u00bb global_colors_info=\u00a0\u00bb{}\u00a0\u00bb]<\/p>\n<p>Depuis f\u00e9vrier 2023 et jusqu\u2019\u00e0 l\u2019\u00e9t\u00e9 2023 le zoo pr\u00e9pare de grands projets et pour cela certaines zones sont donc en travaux.<\/p>\n<p>Projet lions &amp; compagnie\u00a0: Un grand projet de r\u00e9habilitation de l\u2019habitat des lions avec d\u2019autres petits mammif\u00e8res. Retrouvez toutes les informations sur <a href=\"https:\/\/www.zoo-bordeaux-pessac.com\/public\/nos-actualites\">https:\/\/www.zoo-bordeaux-pessac.com\/public\/nos-actualites<\/a><\/p>\n<p>Projet Extra-Old-Inaire\u00a0: Un projet unique en son genre, un espace de vie pour accueillir les vieux animaux. Il y aura des am\u00e9nagements ad\u00e9quats et des soins sp\u00e9cifiques. Les animaux seront en acc\u00e8s libre : ils pourront choisir d\u2019\u00eatre \u00e0 l\u2019int\u00e9rieur o\u00f9 \u00e0 l\u2019ext\u00e9rieur en fonction de leurs envies, de jour comme de nuit.<\/p>\n<p>Projet Pampa\u00a0: Une colocation pas comme les autres<\/p>\n<p>Pour garantir le bien-\u00eatre des animaux nous am\u00e9nageons un nouvel habitat multi-esp\u00e8ces avec plus d\u2019espace et plus de confort. Les loups \u00e0 crini\u00e8re vont \u00eatre les nouveaux colocataires des capybaras, du nandou et du tapir.<\/p>\n<p>[\/et_pb_toggle][et_pb_toggle title=\u00a0\u00bbLa mixit\u00e9 d\u2019esp\u00e8ces \u00e7a sert \u00e0 quoi ?\u00a0\u00bb _builder_version=\u00a0\u00bb4.20.2&Prime; _module_preset=\u00a0\u00bbdefault\u00a0\u00bb title_font=\u00a0\u00bbProxima Nova Black||||||||\u00a0\u00bb title_font_size=\u00a0\u00bb20px\u00a0\u00bb body_font=\u00a0\u00bbProxima Nova Regular||||||||\u00a0\u00bb body_font_size=\u00a0\u00bb17px\u00a0\u00bb global_colors_info=\u00a0\u00bb{}\u00a0\u00bb]<\/p>\n<p>Cela permettra aux animaux d\u2019enrichir leur comportement au contact des autres, en favorisant les interactions. Les animaux seront en libre acc\u00e8s : c\u2019est \u00e0 dire qu\u2019ils pourront choisir d\u2019\u00eatre \u00e0 l\u2019ext\u00e9rieur ou \u00e0 l\u2019int\u00e9rieur en fonction de leurs envies.<\/p>\n<p>[\/et_pb_toggle][et_pb_toggle title=\u00a0\u00bbO\u00f9 sont les zones de travaux actuellement au parc ?\u00a0\u00bb _builder_version=\u00a0\u00bb4.20.2&Prime; _module_preset=\u00a0\u00bbdefault\u00a0\u00bb title_font=\u00a0\u00bbProxima Nova Black||||||||\u00a0\u00bb title_font_size=\u00a0\u00bb20px\u00a0\u00bb body_font=\u00a0\u00bbProxima Nova Regular||||||||\u00a0\u00bb body_font_size=\u00a0\u00bb17px\u00a0\u00bb global_colors_info=\u00a0\u00bb{}\u00a0\u00bb]<\/p>\n<p>Vous pouvez consulter le plan <a href=\"https:\/\/www.zoo-bordeaux-pessac.com\/public\/preparer-votre-visite\">https:\/\/www.zoo-bordeaux-pessac.com\/public\/preparer-votre-visite<\/a><\/p>\n<p>[\/et_pb_toggle][et_pb_toggle title=\u00a0\u00bbEst-il n\u00e9cessaire de r\u00e9server la visite \u00e0 l&rsquo;avance ?\u00a0\u00bb _builder_version=\u00a0\u00bb4.20.2&Prime; _module_preset=\u00a0\u00bbdefault\u00a0\u00bb title_font=\u00a0\u00bbProxima Nova Black||||||||\u00a0\u00bb title_font_size=\u00a0\u00bb20px\u00a0\u00bb body_font=\u00a0\u00bbProxima Nova Regular||||||||\u00a0\u00bb body_font_size=\u00a0\u00bb17px\u00a0\u00bb global_colors_info=\u00a0\u00bb{}\u00a0\u00bb]<\/p>\n<p>Non il n\u2019est pas n\u00e9cessaire de r\u00e9server en avance. Vous avez deux options\u00a0: acheter un billet non dat\u00e9 (valable 1\u00a0an \u00e0 compter de la date d&rsquo;achat) en ligne ou acheter vos places directement \u00e0 l\u2019accueil du zoo.<\/p>\n<p>Consultez notre page\u00a0:\u00a0<a href=\"https:\/\/billetterie.zoo-bordeaux-pessac.com\">https:\/\/billetterie.zoo-bordeaux-pessac.com<\/a><\/p>\n<p>[\/et_pb_toggle][et_pb_toggle title=\u00a0\u00bbPeut-on se restaurer dans le parc?\u00a0\u00bb _builder_version=\u00a0\u00bb4.20.2&Prime; _module_preset=\u00a0\u00bbdefault\u00a0\u00bb title_font=\u00a0\u00bbProxima Nova Black||||||||\u00a0\u00bb title_font_size=\u00a0\u00bb20px\u00a0\u00bb body_font=\u00a0\u00bbProxima Nova Regular||||||||\u00a0\u00bb body_font_size=\u00a0\u00bb17px\u00a0\u00bb global_colors_info=\u00a0\u00bb{}\u00a0\u00bb]<\/p>\n<p>Nous avons un snack dans le parc ouvert durant les vacances scolaires de la Zone A. Retrouvez toutes les informations sur\u00a0:\u00a0<a href=\"https:\/\/www.zoo-bordeaux-pessac.com\/public\/preparer-votre-visite\">https:\/\/www.zoo-bordeaux-pessac.com\/public\/preparer-votre-visite<\/a><\/p>\n<p>En revanche, les pique-niques sont autoris\u00e9s dans l&rsquo;ensemble du parc.<\/p>\n<p>[\/et_pb_toggle][et_pb_toggle title=\u00a0\u00bbEn combien de temps visite-t-on le parc ?\u00a0\u00bb _builder_version=\u00a0\u00bb4.20.2&Prime; _module_preset=\u00a0\u00bbdefault\u00a0\u00bb title_font=\u00a0\u00bbProxima Nova Black||||||||\u00a0\u00bb title_font_size=\u00a0\u00bb20px\u00a0\u00bb body_font=\u00a0\u00bbProxima Nova Regular||||||||\u00a0\u00bb body_font_size=\u00a0\u00bb17px\u00a0\u00bb global_colors_info=\u00a0\u00bb{}\u00a0\u00bb]<\/p>\n<p>Nous recommandons 2h pour visiter le parc.<\/p>\n<p>[\/et_pb_toggle][et_pb_toggle title=\u00a0\u00bbO\u00f9 puis-je consulter les tarifs et acheter des billets ?\u00a0\u00bb _builder_version=\u00a0\u00bb4.20.2&Prime; _module_preset=\u00a0\u00bbdefault\u00a0\u00bb title_font=\u00a0\u00bbProxima Nova Black||||||||\u00a0\u00bb title_font_size=\u00a0\u00bb20px\u00a0\u00bb body_font=\u00a0\u00bbProxima Nova Regular||||||||\u00a0\u00bb body_font_size=\u00a0\u00bb17px\u00a0\u00bb global_colors_info=\u00a0\u00bb{}\u00a0\u00bb]<\/p>\n<p>Tous les tarifs sont consultables sur notre page billetterie\u00a0:\u00a0 <a href=\"https:\/\/billetterie.zoo-bordeaux-pessac.com\">https:\/\/billetterie.zoo-bordeaux-pessac.com<\/a><\/p>\n<p>Vous pouvez y acheter vos billets en ligne.<\/p>\n<p>[\/et_pb_toggle][et_pb_toggle title=\u00a0\u00bbO\u00f9 peut-on stationner \u00e0 proximit\u00e9 du Zoo (voitures individuelles, bus) ?\u00a0\u00bb _builder_version=\u00a0\u00bb4.20.2&Prime; _module_preset=\u00a0\u00bbdefault\u00a0\u00bb title_font=\u00a0\u00bbProxima Nova Black||||||||\u00a0\u00bb title_font_size=\u00a0\u00bb20px\u00a0\u00bb body_font=\u00a0\u00bbProxima Nova Regular||||||||\u00a0\u00bb body_font_size=\u00a0\u00bb17px\u00a0\u00bb global_colors_info=\u00a0\u00bb{}\u00a0\u00bb]<\/p>\n<p>Nous avons un parking pour vous garer (gratuit). Le parking ferme 30 min avant la fermeture du zoo.<\/p>\n<p>[\/et_pb_toggle][et_pb_toggle title=\u00a0\u00bbPeut-on dormir au zoo de Bordeaux Pessac ?\u00a0\u00bb _builder_version=\u00a0\u00bb4.20.2&Prime; _module_preset=\u00a0\u00bbdefault\u00a0\u00bb title_font=\u00a0\u00bbProxima Nova Black||||||||\u00a0\u00bb title_font_size=\u00a0\u00bb20px\u00a0\u00bb body_font=\u00a0\u00bbProxima Nova Regular||||||||\u00a0\u00bb body_font_size=\u00a0\u00bb17px\u00a0\u00bb global_colors_info=\u00a0\u00bb{}\u00a0\u00bb]<\/p>\n<p>Oui, Nous proposons deux lodges haut de gamme pour passerr la nuit avec les tigres blancs ou les jaguars. Toutes les informations sur <a href=\"https:\/\/www.night-experience.com\/\" target=\"_blank\" rel=\"noopener\">https:\/\/www.night-experience.com\/<\/a><\/p>\n<p>[\/et_pb_toggle][et_pb_toggle title=\u00a0\u00bbQuels sont les moyens de r\u00e8glement accept\u00e9s au zoo ?\u00a0\u00bb _builder_version=\u00a0\u00bb4.20.2&Prime; _module_preset=\u00a0\u00bbdefault\u00a0\u00bb title_font=\u00a0\u00bbProxima Nova Black||||||||\u00a0\u00bb title_font_size=\u00a0\u00bb20px\u00a0\u00bb body_font=\u00a0\u00bbProxima Nova Regular||||||||\u00a0\u00bb body_font_size=\u00a0\u00bb17px\u00a0\u00bb global_colors_info=\u00a0\u00bb{}\u00a0\u00bb]<\/p>\n<p>Nous acceptons les r\u00e8glements en CB, en esp\u00e8ces. Les ch\u00e8ques vacances sont autoris\u00e9s pour le r\u00e8glement des billets d\u2019entr\u00e9es uniquement. Nous n\u2019acceptons pas les ch\u00e8ques, les ch\u00e8ques restaurants.<\/p>\n<p>[\/et_pb_toggle][et_pb_toggle title=\u00a0\u00bbComment b\u00e9n\u00e9ficier des tarifs CSE ?\u00a0\u00bb _builder_version=\u00a0\u00bb4.20.2&Prime; _module_preset=\u00a0\u00bbdefault\u00a0\u00bb title_font=\u00a0\u00bbProxima Nova Black||||||||\u00a0\u00bb title_font_size=\u00a0\u00bb20px\u00a0\u00bb body_font=\u00a0\u00bbProxima Nova Regular||||||||\u00a0\u00bb body_font_size=\u00a0\u00bb17px\u00a0\u00bb global_colors_info=\u00a0\u00bb{}\u00a0\u00bb]<\/p>\n<p>Nous n\u2019acceptons pas les cartes CSE. Il faudra imp\u00e9rativement vous munir des tickets physiques (achet\u00e9s pr\u00e9alablement aupr\u00e8s de vote CSE)<\/p>\n<p>[\/et_pb_toggle][et_pb_toggle title=\u00a0\u00bbPeut-on f\u00eater son anniversaire au Zoo ?\u00a0\u00bb _builder_version=\u00a0\u00bb4.20.2&Prime; _module_preset=\u00a0\u00bbdefault\u00a0\u00bb title_font=\u00a0\u00bbProxima Nova Black||||||||\u00a0\u00bb title_font_size=\u00a0\u00bb20px\u00a0\u00bb body_font=\u00a0\u00bbProxima Nova Regular||||||||\u00a0\u00bb body_font_size=\u00a0\u00bb17px\u00a0\u00bb global_colors_info=\u00a0\u00bb{}\u00a0\u00bb]<\/p>\n<p>Nous ne proposons pas ce service. Cependant vous pouvez venir au zoo pour le f\u00eater. Attention les ballons sont strictement interdits<\/p>\n<p>[\/et_pb_toggle][et_pb_toggle title=\u00a0\u00bbY a-t-il des tarifs pr\u00e9f\u00e9rentiels (familles nombreuses, s\u00e9niors, \u00e9tudiants) ?\u00a0\u00bb _builder_version=\u00a0\u00bb4.20.2&Prime; _module_preset=\u00a0\u00bbdefault\u00a0\u00bb title_font=\u00a0\u00bbProxima Nova Black||||||||\u00a0\u00bb title_font_size=\u00a0\u00bb20px\u00a0\u00bb body_font=\u00a0\u00bbProxima Nova Regular||||||||\u00a0\u00bb body_font_size=\u00a0\u00bb17px\u00a0\u00bb global_colors_info=\u00a0\u00bb{}\u00a0\u00bb]<\/p>\n<p>Nous n\u2019avons pas de tarifs pr\u00e9f\u00e9rentiels.<\/p>\n<p>[\/et_pb_toggle][\/et_pb_column][\/et_pb_row][\/et_pb_section]<\/p>\n","protected":false},"excerpt":{"rendered":"<p>Agir : l&rsquo;histoire et les missions du Zoo de Bordeaux Pessac&#8230;<\/p>\n","protected":false},"author":2,"featured_media":1452,"parent":0,"menu_order":0,"comment_status":"closed","ping_status":"closed","template":"","meta":{"_et_pb_use_builder":"on","_et_pb_old_content":"","_et_gb_content_width":"","content-type":"","footnotes":""},"class_list":["post-2579","page","type-page","status-publish","has-post-thumbnail","hentry"],"_links":{"self":[{"href":"https:\/\/www.zoo-bordeaux-pessac.com\/public\/wp-json\/wp\/v2\/pages\/2579","targetHints":{"allow":["GET"]}}],"collection":[{"href":"https:\/\/www.zoo-bordeaux-pessac.com\/public\/wp-json\/wp\/v2\/pages"}],"about":[{"href":"https:\/\/www.zoo-bordeaux-pessac.com\/public\/wp-json\/wp\/v2\/types\/page"}],"author":[{"embeddable":true,"href":"https:\/\/www.zoo-bordeaux-pessac.com\/public\/wp-json\/wp\/v2\/users\/2"}],"replies":[{"embeddable":true,"href":"https:\/\/www.zoo-bordeaux-pessac.com\/public\/wp-json\/wp\/v2\/comments?post=2579"}],"version-history":[{"count":6,"href":"https:\/\/www.zoo-bordeaux-pessac.com\/public\/wp-json\/wp\/v2\/pages\/2579\/revisions"}],"predecessor-version":[{"id":2586,"href":"https:\/\/www.zoo-bordeaux-pessac.com\/public\/wp-json\/wp\/v2\/pages\/2579\/revisions\/2586"}],"wp:featuredmedia":[{"embeddable":true,"href":"https:\/\/www.zoo-bordeaux-pessac.com\/public\/wp-json\/wp\/v2\/media\/1452"}],"wp:attachment":[{"href":"https:\/\/www.zoo-bordeaux-pessac.com\/public\/wp-json\/wp\/v2\/media?parent=2579"}],"curies":[{"name":"wp","href":"https:\/\/api.w.org\/{rel}","templated":true}]}}